{"id":534,"date":"2024-06-12T10:56:51","date_gmt":"2024-06-12T10:56:51","guid":{"rendered":"http:\/\/bracketweb.com\/easilonwp\/?page_id=534"},"modified":"2025-10-28T23:26:32","modified_gmt":"2025-10-28T23:26:32","slug":"business-loan","status":"publish","type":"page","link":"https:\/\/sopsa-finance.com\/index.php\/business-loan\/","title":{"rendered":"Pr\u00eat aux entreprises"},"content":{"rendered":"\t\t<div data-elementor-type=\"wp-page\" data-elementor-id=\"534\" class=\"elementor elementor-534\">\n\t\t\t\t<div class=\"elementor-element elementor-element-ec8e6ba service-details section-space e-flex e-con-boxed e-con e-parent\" data-id=\"ec8e6ba\" data-element_type=\"container\">\n\t\t\t\t\t<div class=\"e-con-inner\">\n\t\t<div class=\"elementor-element elementor-element-7bc72e5 e-con-full e-flex e-con e-child\" data-id=\"7bc72e5\" data-element_type=\"container\">\n\t\t\t\t<div class=\"elementor-element elementor-element-e59174e elementor-widget elementor-widget-sidebar-nav\" data-id=\"e59174e\" data-element_type=\"widget\" data-widget_type=\"sidebar-nav.default\">\n\t\t\t\t<div class=\"elementor-widget-container\">\n\t\t\t\t\t\t<div class=\"service-sidebar__info service-sidebar__single wow fadeInLeft\" data-wow-duration=\"1500ms\">\r\n\t\t<div class=\"menu-service-list-menu-container\"><ul id=\"menu-service-list-menu\" class=\"list-unstyled service-sidebar__nav\"><li id=\"menu-item-568\" class=\"menu-item menu-item-type-post_type menu-item-object-page menu-item-568\"><a href=\"https:\/\/sopsa-finance.com\/index.php\/home-loan\/\">Pr\u00eat immobilier<\/a><\/li>\n<li id=\"menu-item-567\" class=\"menu-item menu-item-type-post_type menu-item-object-page menu-item-567\"><a href=\"https:\/\/sopsa-finance.com\/index.php\/auto-loan\/\">Pr\u00eat automobile<\/a><\/li>\n<li id=\"menu-item-566\" class=\"menu-item menu-item-type-post_type menu-item-object-page menu-item-566\"><a href=\"https:\/\/sopsa-finance.com\/index.php\/personal-loan\/\">Pr\u00eat personnel<\/a><\/li>\n<li id=\"menu-item-565\" class=\"menu-item menu-item-type-post_type menu-item-object-page menu-item-565\"><a href=\"https:\/\/sopsa-finance.com\/index.php\/business-loan\/\">pr\u00eat entreprise<\/a><\/li>\n<li id=\"menu-item-564\" class=\"menu-item menu-item-type-post_type menu-item-object-page menu-item-564\"><a href=\"https:\/\/sopsa-finance.com\/index.php\/study-loan\/\">pr\u00eat \u00e9tudiant<\/a><\/li>\n<\/ul><\/div>\t<\/div><!-- \/.service-sidebar__info service-sidebar__single -->\r\n\t\t\t\t<\/div>\n\t\t\t\t<\/div>\n\t\t\t\t<div class=\"elementor-element elementor-element-5a989f8 elementor-widget elementor-widget-easilon-sidebar-call-to-action\" data-id=\"5a989f8\" data-element_type=\"widget\" data-widget_type=\"easilon-sidebar-call-to-action.default\">\n\t\t\t\t<div class=\"elementor-widget-container\">\n\t\t\t\t\t\t<div class=\"service-sidebar__single\">\r\n\t\t<div class=\"service-sidebar__contact wow fadeInLeft\" data-wow-duration=\"1500ms\" data-wow-delay=\"100ms\">\r\n\t\t\t<div class=\"service-sidebar__contact__bg\">\r\n\t\t\t\t<div class=\"service-sidebar__contact__bg__inner\"><\/div><!-- \/.service-sidebar__contact__bg__inner -->\r\n\t\t\t<\/div><!-- \/.service-sidebar__contact__bg -->\r\n\t\t\t<div class=\"service-sidebar__contact__inner\">\r\n\t\t\t\t\t\t\t\t\t<div class=\"service-sidebar__contact__icon\">\r\n\t\t\t\t\t\t<i aria-hidden=\"true\" class=\"icon-telephone\"><\/i>\t\t\t\t\t<\/div><!-- \/.service-sidebar__contact__icon -->\r\n\t\t\t\t\t\t\t\t<div class=\"service-sidebar__contact__content\">\r\n\t\t\t\t\t\t\t\t\t\t\t<h4 class=\"service-sidebar__contact__time\">\r\n\t\t\t\t\t\t\tLUN-SAM 8h00-21h00\t\t\t\t\t\t<\/h4><!-- \/.service-sidebar__contact__time -->\r\n\t\t\t\t\t\t\t\t\t\t\t\t\t\t\t\t<h4 class=\"service-sidebar__contact__number\">\r\n\t\t\t\t\t\t\t<a href=\"tel:+33 7 57 83 98 29\" >\r\n\t\t\t\t\t\t\t\t+33 7 57 83 98 29\t\t\t\t\t\t\t<\/a>\r\n\t\t\t\t\t\t<\/h4><!-- \/.service-sidebar__contact__number -->\r\n\t\t\t\t\t\t\t\t\t<\/div><!-- \/.service-sidebar__contact__content -->\r\n\t\t\t<\/div><!-- \/.service-sidebar__contact__inner -->\r\n\t\t<\/div><!-- \/.service-sidebar__contact -->\r\n\t<\/div><!-- \/.service-sidebar__single -->\r\n\t\t\t\t<\/div>\n\t\t\t\t<\/div>\n\t\t\t\t<div class=\"elementor-element elementor-element-b070281 elementor-widget elementor-widget-easilon-book-appointment\" data-id=\"b070281\" data-element_type=\"widget\" data-widget_type=\"easilon-book-appointment.default\">\n\t\t\t\t<div class=\"elementor-widget-container\">\n\t\t\t\t\t    <div class=\"service-sidebar__single wow fadeInLeft\" data-wow-duration=\"1500ms\" data-wow-delay=\"200ms\">\r\n        <div class=\"service-sidebar__appointment\">\r\n            <h3 class=\"service-sidebar__appointment__title\">Prendre rendez-vous<\/h3>            <!-- \/.service-sidebar__appointment__title -->\r\n                            <div class=\"service-sidebar__appointment__form form-one contact-form-validated\">\r\n                    <div class=\"wpcf7 no-js\" id=\"wpcf7-f620-o1\" lang=\"en-US\" dir=\"ltr\" data-wpcf7-id=\"620\">\n<div class=\"screen-reader-response\"><p role=\"status\" aria-live=\"polite\" aria-atomic=\"true\"><\/p> <ul><\/ul><\/div>\n<form action=\"\/index.php\/wp-json\/wp\/v2\/pages\/534#wpcf7-f620-o1\" method=\"post\" class=\"wpcf7-form init\" aria-label=\"Contact form\" novalidate=\"novalidate\" data-status=\"init\">\n<fieldset class=\"hidden-fields-container\"><input type=\"hidden\" name=\"_wpcf7\" value=\"620\" \/><input type=\"hidden\" name=\"_wpcf7_version\" value=\"6.1.3\" \/><input type=\"hidden\" name=\"_wpcf7_locale\" value=\"en_US\" \/><input type=\"hidden\" name=\"_wpcf7_unit_tag\" value=\"wpcf7-f620-o1\" \/><input type=\"hidden\" name=\"_wpcf7_container_post\" value=\"0\" \/><input type=\"hidden\" name=\"_wpcf7_posted_data_hash\" value=\"\" \/>\n<\/fieldset>\n<div class=\"form-one__group\">\n    <div class=\"form-one__control form-one__control--full\">\n        <span class=\"wpcf7-form-control-wrap\" data-name=\"fname\"><input size=\"40\" maxlength=\"400\" class=\"wpcf7-form-control wpcf7-text wpcf7-validates-as-required\" aria-required=\"true\" aria-invalid=\"false\" placeholder=\"Nom\" value=\"\" type=\"text\" name=\"fname\" \/><\/span>\n    <\/div>\n    <div class=\"form-one__control form-one__control--full\">\n        <span class=\"wpcf7-form-control-wrap\" data-name=\"email\"><input size=\"40\" maxlength=\"400\" class=\"wpcf7-form-control wpcf7-email wpcf7-validates-as-required wpcf7-text wpcf7-validates-as-email\" aria-required=\"true\" aria-invalid=\"false\" placeholder=\"Adresse Email\" value=\"\" type=\"email\" name=\"email\" \/><\/span>\n    <\/div>\n    <div class=\"form-one__control form-one__control--full\">\n        <span class=\"wpcf7-form-control-wrap\" data-name=\"phone-no\"><input size=\"40\" maxlength=\"400\" class=\"wpcf7-form-control wpcf7-tel wpcf7-text wpcf7-validates-as-tel\" aria-invalid=\"false\" placeholder=\"T\u00e9l\u00e9phone\" value=\"\" type=\"tel\" name=\"phone-no\" \/><\/span>\n    <\/div>\n    <div class=\"form-one__control form-one__control--full\">\n        <button type=\"submit\" class=\"service-sidebar__appointment__form__btn easilon-btn\">\n            <span>Soumettre<\/span>\n            <span class=\"easilon-btn__icon\">\n                <i class=\"icon-double-right-arrow\"><\/i>\n            <\/span>\n        <\/button>\n    <\/div>\n<\/div><div class=\"wpcf7-response-output\" aria-hidden=\"true\"><\/div>\n<\/form>\n<\/div>                <\/div>\r\n                    <\/div><!-- \/.service-sidebar__company -->\r\n    <\/div><!-- \/.service-sidebar__single -->\r\n\t\t\t\t<\/div>\n\t\t\t\t<\/div>\n\t\t\t\t<\/div>\n\t\t<div class=\"elementor-element elementor-element-896362c e-flex e-con-boxed e-con e-child\" data-id=\"896362c\" data-element_type=\"container\">\n\t\t\t\t\t<div class=\"e-con-inner\">\n\t\t\t\t<div class=\"elementor-element elementor-element-1ac99a4 service-details__thumbnail elementor-widget elementor-widget-image\" data-id=\"1ac99a4\" data-element_type=\"widget\" data-widget_type=\"image.default\">\n\t\t\t\t\t\t\t\t\t\t\t\t\t\t\t<img fetchpriority=\"high\" decoding=\"async\" width=\"640\" height=\"314\" src=\"https:\/\/sopsa-finance.com\/wp-content\/uploads\/2024\/06\/service-d-1-4.jpg\" class=\"attachment-large size-large wp-image-468\" alt=\"\" srcset=\"https:\/\/sopsa-finance.com\/wp-content\/uploads\/2024\/06\/service-d-1-4.jpg 770w, https:\/\/sopsa-finance.com\/wp-content\/uploads\/2024\/06\/service-d-1-4-570x280.jpg 570w, https:\/\/sopsa-finance.com\/wp-content\/uploads\/2024\/06\/service-d-1-4-300x147.jpg 300w, https:\/\/sopsa-finance.com\/wp-content\/uploads\/2024\/06\/service-d-1-4-768x377.jpg 768w\" sizes=\"(max-width: 640px) 100vw, 640px\" \/>\t\t\t\t\t\t\t\t\t\t\t\t\t\t\t<\/div>\n\t\t\t\t<div class=\"elementor-element elementor-element-e9a43af elementor-widget elementor-widget-easilon-heading\" data-id=\"e9a43af\" data-element_type=\"widget\" data-widget_type=\"easilon-heading.default\">\n\t\t\t\t<div class=\"elementor-widget-container\">\n\t\t\t\t\t            <h3 class=\"easilon_heading__title\">Pr\u00eat aux entreprises <\/h3>    \t\t\t\t<\/div>\n\t\t\t\t<\/div>\n\t\t\t\t<div class=\"elementor-element elementor-element-ef62d63 elementor-widget elementor-widget-text-editor\" data-id=\"ef62d63\" data-element_type=\"widget\" data-widget_type=\"text-editor.default\">\n\t\t\t\t\t\t\t\t\t<p data-start=\"222\" data-end=\"419\">Faites grandir votre entreprise avec SOPSA FINANCE<br data-start=\"272\" data-end=\"275\" \/>Que vous soyez en phase de lancement, de croissance ou de renouvellement, nous vous proposons un financement adapt\u00e9 \u00e0 vos enjeux d\u2019entrepreneur.<\/p><p data-start=\"421\" data-end=\"454\"><strong data-start=\"421\" data-end=\"452\">Ce que vous pouvez financer<\/strong><\/p><ul data-start=\"455\" data-end=\"773\"><li data-start=\"455\" data-end=\"519\"><p data-start=\"457\" data-end=\"519\">Fonds de roulement (salaires, approvisionnement, tr\u00e9sorerie)<\/p><\/li><li data-start=\"520\" data-end=\"601\"><p data-start=\"522\" data-end=\"601\">Acquisition ou renouvellement d\u2019\u00e9quipements, machines, v\u00e9hicules d\u2019entreprise<\/p><\/li><li data-start=\"602\" data-end=\"667\"><p data-start=\"604\" data-end=\"667\">Extension, am\u00e9nagement ou r\u00e9novation de locaux professionnels<\/p><\/li><li data-start=\"668\" data-end=\"773\"><p data-start=\"670\" data-end=\"773\">Projets de d\u00e9veloppement : lancement de nouveaux services ou produits, entr\u00e9e sur de nouveaux march\u00e9s<\/p><\/li><\/ul><p data-start=\"775\" data-end=\"794\"><strong data-start=\"775\" data-end=\"792\">Vos avantages<\/strong><\/p><ul data-start=\"795\" data-end=\"1124\"><li data-start=\"795\" data-end=\"887\"><p data-start=\"797\" data-end=\"887\">Montants personnalis\u00e9s selon l\u2019ampleur de votre projet et vos perspectives de croissance<\/p><\/li><li data-start=\"888\" data-end=\"963\"><p data-start=\"890\" data-end=\"963\">Conditions de remboursement flexibles, adapt\u00e9es \u00e0 vos cycles d\u2019activit\u00e9<\/p><\/li><li data-start=\"964\" data-end=\"1022\"><p data-start=\"966\" data-end=\"1022\">Processus de demande simplifi\u00e9 et accompagnement d\u00e9di\u00e9<\/p><\/li><li data-start=\"1023\" data-end=\"1124\"><p data-start=\"1025\" data-end=\"1124\">Possibilit\u00e9 de b\u00e9n\u00e9ficier d\u2019un diff\u00e9r\u00e9 ou d\u2019une p\u00e9riode de gr\u00e2ce dans certains cas (selon profil)<\/p><\/li><\/ul><p data-start=\"1126\" data-end=\"1156\"><strong data-start=\"1126\" data-end=\"1154\">Conditions d\u2019\u00e9ligibilit\u00e9<\/strong><\/p><ul data-start=\"1157\" data-end=\"1549\"><li data-start=\"1157\" data-end=\"1227\"><p data-start=\"1159\" data-end=\"1227\">Entreprise l\u00e9galement constitu\u00e9e (Soci\u00e9t\u00e9, Micro-entreprise, etc.)<\/p><\/li><li data-start=\"1228\" data-end=\"1295\"><p data-start=\"1230\" data-end=\"1295\">Justifier d\u2019une activit\u00e9 et de revenus d\u2019exploitation r\u00e9guliers<\/p><\/li><li data-start=\"1296\" data-end=\"1404\"><p data-start=\"1298\" data-end=\"1404\">Pr\u00e9senter un dossier de projet : nature du besoin, montant, plan de remboursement, garanties \u00e9ventuelles<\/p><\/li><li data-start=\"1405\" data-end=\"1549\"><p data-start=\"1407\" data-end=\"1549\">Fournir les documents habituels : pi\u00e8ce d\u2019identit\u00e9 du dirigeant, statut de l\u2019entreprise, relev\u00e9s, bilan\/compte de r\u00e9sultats selon anciennet\u00e9<\/p><\/li><\/ul><p data-start=\"1551\" data-end=\"1581\"><strong data-start=\"1551\" data-end=\"1579\">\u00c9tapes cl\u00e9s du processus<\/strong><\/p><ol data-start=\"1582\" data-end=\"2058\"><li data-start=\"1582\" data-end=\"1662\"><p data-start=\"1585\" data-end=\"1662\">D\u00e9posez votre demande : montant souhait\u00e9, dur\u00e9e envisag\u00e9e, nature du projet<\/p><\/li><li data-start=\"1663\" data-end=\"1786\"><p data-start=\"1666\" data-end=\"1786\">\u00c9tude de votre dossier : analyse de la viabilit\u00e9 de votre projet, de vos comptes et de votre capacit\u00e9 de remboursement<\/p><\/li><li data-start=\"1787\" data-end=\"1884\"><p data-start=\"1790\" data-end=\"1884\">Validation de l\u2019offre de pr\u00eat : montant, dur\u00e9e, taux, conditions (garantie, apport \u00e9ventuel)<\/p><\/li><li data-start=\"1885\" data-end=\"1974\"><p data-start=\"1888\" data-end=\"1974\">Mise \u00e0 disposition des fonds : pour achat, investissement, tr\u00e9sorerie selon finalit\u00e9<\/p><\/li><li data-start=\"1975\" data-end=\"2058\"><p data-start=\"1978\" data-end=\"2058\">Remboursement : selon \u00e9ch\u00e9ancier adapt\u00e9 \u00e0 votre entreprise, avec suivi propos\u00e9<\/p><\/li><\/ol>\t\t\t\t\t\t\t\t<\/div>\n\t\t\t\t<div class=\"elementor-element elementor-element-e6181f8 elementor-widget elementor-widget-easilon-service-info\" data-id=\"e6181f8\" data-element_type=\"widget\" data-widget_type=\"easilon-service-info.default\">\n\t\t\t\t<div class=\"elementor-widget-container\">\n\t\t\t\t\t\t<div class=\"service-details__info wow fadeInUp\" data-wow-duration=\"1500ms\" data-wow-delay=\"00ms\">\r\n        <ul class=\"list-unstyled service-details__list\">\r\n                            <li>\r\n                                            <span class=\"service-details__list__icon\">\r\n                            <i aria-hidden=\"true\" class=\"icon-check\"><\/i>                        <\/span>\r\n                                        Instant Business Growth                <\/li>\r\n                            <li>\r\n                                            <span class=\"service-details__list__icon\">\r\n                            <i aria-hidden=\"true\" class=\"icon-check\"><\/i>                        <\/span>\r\n                                        24\/7 Quality Service                <\/li>\r\n                            <li>\r\n                                            <span class=\"service-details__list__icon\">\r\n                            <i aria-hidden=\"true\" class=\"icon-check\"><\/i>                        <\/span>\r\n                                        Easy Customer Service                <\/li>\r\n                            <li>\r\n                                            <span class=\"service-details__list__icon\">\r\n                            <i aria-hidden=\"true\" class=\"icon-check\"><\/i>                        <\/span>\r\n                                        Quality Cost Service                <\/li>\r\n                    <\/ul><!-- \/.list-unstyled team-details__list -->\r\n        <img decoding=\"async\" src=\"https:\/\/sopsa-finance.com\/wp-content\/uploads\/2024\/06\/service-d-list-1.jpg\" alt=\"service-d-list-1\" title=\"service-d-list-1\" class=\"service-details__info__image\" >    <\/div><!-- \/.service-details__info -->\r\n\t\t\t\t<\/div>\n\t\t\t\t<\/div>\n\t\t\t\t\t<\/div>\n\t\t\t\t<\/div>\n\t\t\t\t\t<\/div>\n\t\t\t\t<\/div>\n\t\t<div class=\"elementor-element elementor-element-b68738b e-con-full e-flex e-con e-parent\" data-id=\"b68738b\" data-element_type=\"container\">\n\t\t\t\t<div class=\"elementor-element elementor-element-3d3dc77 elementor-widget elementor-widget-easilon-loan\" data-id=\"3d3dc77\" data-element_type=\"widget\" data-widget_type=\"easilon-loan.default\">\n\t\t\t\t<div class=\"elementor-widget-container\">\n\t\t\t\t\t\t<section class=\"loan-two loan-two__bg_color section-space\">\r\n\t\t<div class=\"container\">\r\n\t\t\t<div class=\"loan-two__inner\">\r\n\t\t\t\t<div class=\"loan-two__form\">\r\n\t\t\t\t\t\t\t\t\t\t\t\t\t\t\t<form action=\"#\" id=\"loan-calculator-69e74d208933b\" data-min-month=\"1\" data-max-month=\"36\" data-min-count=\"1000\" data-max-count=\"250000\" data-default-count=\"25000\" data-default-month=\"6\" data-month-label=\"Month\" data-currency-symbol=\"\u20ac\" data-count-steps=\"1000\" data-form-direction=\"ltr\" data-interest-rate=\"2\" class=\"loan-calculator-form wow fadeInUp\" data-wow-duration=\"1500ms\">\r\n\t\t\t\t\t\t<h3 class=\"loan-calculator-form__title\">De combien avez-vous besoin ?<\/h3>\t\t\t\t\t\t<div class=\"loan-calculator-form__content\">\r\n\t\t\t\t\t\t\t\t\t\t\t\t\t\t\t<div class=\"input-box__top\">\r\n\t\t\t\t\t\t\t\t\t<span>\u20ac1000<\/span>\r\n\t\t\t\t\t\t\t\t\t<span>\u20ac250000<\/span>\r\n\t\t\t\t\t\t\t\t<\/div><!-- \/.input-box__top -->\r\n\t\t\t\t\t\t\t\t<div class=\"input-box\">\r\n\t\t\t\t\t\t\t\t\t<div class=\"range-slider-count\" id=\"loan-calculator-69e74d208933b-count\"><\/div>\r\n\t\t\t\t\t\t\t\t\t<input type=\"hidden\" value=\"\" class=\"min-count\" id=\"loan-calculator-69e74d208933b-min-count\">\r\n\t\t\t\t\t\t\t\t\t<input type=\"hidden\" value=\"\" class=\"max-count\" id=\"loan-calculator-69e74d208933b-max-count\">\r\n\t\t\t\t\t\t\t\t<\/div><!-- \/.input-box -->\r\n\t\t\t\t\t\t\t\t\t\t\t\t\t\t\t\t\t\t\t\t\t\t<div class=\"input-box__top input-box__top-border\">\r\n\t\t\t\t\t\t\t\t\t<span>1 Month<\/span>\r\n\t\t\t\t\t\t\t\t\t<span>36 Month<\/span>\r\n\t\t\t\t\t\t\t\t<\/div><!-- \/.input-box__top -->\r\n\t\t\t\t\t\t\t\t<div class=\"input-box\">\r\n\t\t\t\t\t\t\t\t\t<div class=\"range-slider-month\" id=\"loan-calculator-69e74d208933b-month\"><\/div>\r\n\t\t\t\t\t\t\t\t\t<input type=\"hidden\" value=\"\" class=\"min-month\" id=\"loan-calculator-69e74d208933b-min-month\">\r\n\t\t\t\t\t\t\t\t\t<input type=\"hidden\" value=\"\" class=\"max-month\" id=\"loan-calculator-69e74d208933b-max-month\">\r\n\t\t\t\t\t\t\t\t<\/div><!-- \/.input-box -->\r\n\t\t\t\t\t\t\t\r\n\t\t\t\t\t\t\t\t\t\t\t\t\t\t\t<p>\r\n\t\t\t\t\t\t\t\t\t<span>Payer mensuellement<\/span>\r\n\t\t\t\t\t\t\t\t\t<b>\u20ac<i class=\"loan-monthly-pay\"><\/i><\/b>\r\n\t\t\t\t\t\t\t\t<\/p>\r\n\t\t\t\t\t\t\t\t\t\t\t\t\t\t\t\t\t\t\t\t\t\t<p>\r\n\t\t\t\t\t\t\t\t\t<span>Conditions d'utilisation<\/span>\r\n\t\t\t\t\t\t\t\t\t<b><i class=\"loan-month\"><\/i> Month<\/b>\r\n\t\t\t\t\t\t\t\t<\/p>\r\n\t\t\t\t\t\t\t\t\t\t\t\t\t\t\t\t\t\t\t\t\t<p>\r\n\t\t\t\t\t\t\t\t<span>Montant total du remboursement<\/span>\r\n\t\t\t\t\t\t\t\t<b>$<i class=\"loan-total\"><\/i><\/b>\r\n\t\t\t\t\t\t\t<\/p>\r\n\t\t\t\t\t\t\t\t\t\t\t\t\t\t\t\t\t\t\t\t\t\t<button type=\"submit\" class=\"easilon-btn loan-calculator-form__btn\">\r\n\t\t\t\t\t\t\t\t\t<span>Demander un pr\u00eat<\/span>\r\n\t\t\t\t\t\t\t\t\t\t\t\t\t\t\t\t\t\t\t<span class=\"easilon-btn__icon\">\r\n\t\t\t\t\t\t\t\t\t\t\t<i aria-hidden=\"true\" class=\"icon-right-arrow\"><\/i>\t\t\t\t\t\t\t\t\t\t<\/span>\r\n\t\t\t\t\t\t\t\t\t\t\t\t\t\t\t\t\t<\/button><!-- \/.easilon-btn -->\r\n\t\t\t\t\t\t\t\t\t\t\t\t\t<\/div><!-- \/.loan-calculator-form__content -->\r\n\t\t\t\t\t<\/form><!-- \/.loan-calculator-form -->\r\n\t\t\t\t<\/div><!-- \/.loan-two__form -->\r\n\t\t\t\t<img decoding=\"async\" src=\"https:\/\/sopsa-finance.com\/wp-content\/uploads\/2024\/06\/loan-money-2-1.png\" alt=\"loan-money-2-1\" title=\"loan-money-2-1\" class=\"loan-two__money\" >\t\t\t<\/div><!-- \/.loan-two__inner -->\r\n\t\t<\/div><!-- \/.container -->\r\n\t<\/section><!-- \/.loan-two section-space -->\r\n\t\t\t\t<\/div>\n\t\t\t\t<\/div>\n\t\t\t\t<\/div>\n\t\t\t\t<\/div>\n\t\t","protected":false},"excerpt":{"rendered":"<p>Pr\u00eat immobilier Pr\u00eat automobile Pr\u00eat personnel pr\u00eat entreprise pr\u00eat \u00e9tudiant LUN-SAM 8h00-21h00 +33 7 57 83 98 29 Prendre rendez-vous submit now Pr\u00eat aux entreprises Faites grandir votre entreprise avec SOPSA FINANCEQue vous soyez en phase de lancement, de croissance ou de renouvellement, nous vous proposons un financement adapt\u00e9 \u00e0 vos enjeux d\u2019entrepreneur. Ce que [&hellip;]<\/p>\n","protected":false},"author":1,"featured_media":0,"parent":0,"menu_order":0,"comment_status":"closed","ping_status":"closed","template":"elementor_header_footer","meta":{"footnotes":""},"class_list":["post-534","page","type-page","status-publish","hentry"],"_links":{"self":[{"href":"https:\/\/sopsa-finance.com\/index.php\/wp-json\/wp\/v2\/pages\/534","targetHints":{"allow":["GET"]}}],"collection":[{"href":"https:\/\/sopsa-finance.com\/index.php\/wp-json\/wp\/v2\/pages"}],"about":[{"href":"https:\/\/sopsa-finance.com\/index.php\/wp-json\/wp\/v2\/types\/page"}],"author":[{"embeddable":true,"href":"https:\/\/sopsa-finance.com\/index.php\/wp-json\/wp\/v2\/users\/1"}],"replies":[{"embeddable":true,"href":"https:\/\/sopsa-finance.com\/index.php\/wp-json\/wp\/v2\/comments?post=534"}],"version-history":[{"count":17,"href":"https:\/\/sopsa-finance.com\/index.php\/wp-json\/wp\/v2\/pages\/534\/revisions"}],"predecessor-version":[{"id":3959,"href":"https:\/\/sopsa-finance.com\/index.php\/wp-json\/wp\/v2\/pages\/534\/revisions\/3959"}],"wp:attachment":[{"href":"https:\/\/sopsa-finance.com\/index.php\/wp-json\/wp\/v2\/media?parent=534"}],"curies":[{"name":"wp","href":"https:\/\/api.w.org\/{rel}","templated":true}]}}