{"id":529,"date":"2024-06-12T10:51:59","date_gmt":"2024-06-12T10:51:59","guid":{"rendered":"http:\/\/bracketweb.com\/easilonwp\/?page_id=529"},"modified":"2025-11-13T10:55:40","modified_gmt":"2025-11-13T10:55:40","slug":"auto-loan","status":"publish","type":"page","link":"https:\/\/sopsa-finance.com\/index.php\/auto-loan\/","title":{"rendered":"Pr\u00eat automobile"},"content":{"rendered":"\t\t<div data-elementor-type=\"wp-page\" data-elementor-id=\"529\" class=\"elementor elementor-529\">\n\t\t\t\t<div class=\"elementor-element elementor-element-fae6e85 service-details section-space e-flex e-con-boxed e-con e-parent\" data-id=\"fae6e85\" data-element_type=\"container\">\n\t\t\t\t\t<div class=\"e-con-inner\">\n\t\t<div class=\"elementor-element elementor-element-1beb4fa e-con-full e-flex e-con e-child\" data-id=\"1beb4fa\" data-element_type=\"container\">\n\t\t\t\t<div class=\"elementor-element elementor-element-1be7d5f elementor-widget elementor-widget-sidebar-nav\" data-id=\"1be7d5f\" data-element_type=\"widget\" data-widget_type=\"sidebar-nav.default\">\n\t\t\t\t<div class=\"elementor-widget-container\">\n\t\t\t\t\t\t<div class=\"service-sidebar__info service-sidebar__single wow fadeInLeft\" data-wow-duration=\"1500ms\">\r\n\t\t<div class=\"menu-service-list-menu-container\"><ul id=\"menu-service-list-menu\" class=\"list-unstyled service-sidebar__nav\"><li id=\"menu-item-568\" class=\"menu-item menu-item-type-post_type menu-item-object-page menu-item-568\"><a href=\"https:\/\/sopsa-finance.com\/index.php\/home-loan\/\">Pr\u00eat immobilier<\/a><\/li>\n<li id=\"menu-item-567\" class=\"menu-item menu-item-type-post_type menu-item-object-page menu-item-567\"><a href=\"https:\/\/sopsa-finance.com\/index.php\/auto-loan\/\">Pr\u00eat automobile<\/a><\/li>\n<li id=\"menu-item-566\" class=\"menu-item menu-item-type-post_type menu-item-object-page menu-item-566\"><a href=\"https:\/\/sopsa-finance.com\/index.php\/personal-loan\/\">Pr\u00eat personnel<\/a><\/li>\n<li id=\"menu-item-565\" class=\"menu-item menu-item-type-post_type menu-item-object-page menu-item-565\"><a href=\"https:\/\/sopsa-finance.com\/index.php\/business-loan\/\">pr\u00eat entreprise<\/a><\/li>\n<li id=\"menu-item-564\" class=\"menu-item menu-item-type-post_type menu-item-object-page menu-item-564\"><a href=\"https:\/\/sopsa-finance.com\/index.php\/study-loan\/\">pr\u00eat \u00e9tudiant<\/a><\/li>\n<\/ul><\/div>\t<\/div><!-- \/.service-sidebar__info service-sidebar__single -->\r\n\t\t\t\t<\/div>\n\t\t\t\t<\/div>\n\t\t\t\t<div class=\"elementor-element elementor-element-e87507d elementor-widget elementor-widget-easilon-sidebar-call-to-action\" data-id=\"e87507d\" data-element_type=\"widget\" data-widget_type=\"easilon-sidebar-call-to-action.default\">\n\t\t\t\t<div class=\"elementor-widget-container\">\n\t\t\t\t\t\t<div class=\"service-sidebar__single\">\r\n\t\t<div class=\"service-sidebar__contact wow fadeInLeft\" data-wow-duration=\"1500ms\" data-wow-delay=\"100ms\">\r\n\t\t\t<div class=\"service-sidebar__contact__bg\">\r\n\t\t\t\t<div class=\"service-sidebar__contact__bg__inner\"><\/div><!-- \/.service-sidebar__contact__bg__inner -->\r\n\t\t\t<\/div><!-- \/.service-sidebar__contact__bg -->\r\n\t\t\t<div class=\"service-sidebar__contact__inner\">\r\n\t\t\t\t\t\t\t\t\t<div class=\"service-sidebar__contact__icon\">\r\n\t\t\t\t\t\t<i aria-hidden=\"true\" class=\"icon-telephone\"><\/i>\t\t\t\t\t<\/div><!-- \/.service-sidebar__contact__icon -->\r\n\t\t\t\t\t\t\t\t<div class=\"service-sidebar__contact__content\">\r\n\t\t\t\t\t\t\t\t\t\t\t<h4 class=\"service-sidebar__contact__time\">\r\n\t\t\t\t\t\t\tLUN-SAM 8h00-21h00\t\t\t\t\t\t<\/h4><!-- \/.service-sidebar__contact__time -->\r\n\t\t\t\t\t\t\t\t\t\t\t\t\t\t\t\t<h4 class=\"service-sidebar__contact__number\">\r\n\t\t\t\t\t\t\t<a href=\"tel:+33 7 57 83 98 29\" >\r\n\t\t\t\t\t\t\t\t+33 7 57 83 98 29\t\t\t\t\t\t\t<\/a>\r\n\t\t\t\t\t\t<\/h4><!-- \/.service-sidebar__contact__number -->\r\n\t\t\t\t\t\t\t\t\t<\/div><!-- \/.service-sidebar__contact__content -->\r\n\t\t\t<\/div><!-- \/.service-sidebar__contact__inner -->\r\n\t\t<\/div><!-- \/.service-sidebar__contact -->\r\n\t<\/div><!-- \/.service-sidebar__single -->\r\n\t\t\t\t<\/div>\n\t\t\t\t<\/div>\n\t\t\t\t<div class=\"elementor-element elementor-element-2ce9e1b elementor-widget elementor-widget-easilon-book-appointment\" data-id=\"2ce9e1b\" data-element_type=\"widget\" data-widget_type=\"easilon-book-appointment.default\">\n\t\t\t\t<div class=\"elementor-widget-container\">\n\t\t\t\t\t    <div class=\"service-sidebar__single wow fadeInLeft\" data-wow-duration=\"1500ms\" data-wow-delay=\"200ms\">\r\n        <div class=\"service-sidebar__appointment\">\r\n            <h3 class=\"service-sidebar__appointment__title\">Prendre rendez-vous <\/h3>            <!-- \/.service-sidebar__appointment__title -->\r\n                            <div class=\"service-sidebar__appointment__form form-one contact-form-validated\">\r\n                    <div class=\"wpcf7 no-js\" id=\"wpcf7-f620-o1\" lang=\"en-US\" dir=\"ltr\" data-wpcf7-id=\"620\">\n<div class=\"screen-reader-response\"><p role=\"status\" aria-live=\"polite\" aria-atomic=\"true\"><\/p> <ul><\/ul><\/div>\n<form action=\"\/index.php\/wp-json\/wp\/v2\/pages\/529#wpcf7-f620-o1\" method=\"post\" class=\"wpcf7-form init\" aria-label=\"Contact form\" novalidate=\"novalidate\" data-status=\"init\">\n<fieldset class=\"hidden-fields-container\"><input type=\"hidden\" name=\"_wpcf7\" value=\"620\" \/><input type=\"hidden\" name=\"_wpcf7_version\" value=\"6.1.3\" \/><input type=\"hidden\" name=\"_wpcf7_locale\" value=\"en_US\" \/><input type=\"hidden\" name=\"_wpcf7_unit_tag\" value=\"wpcf7-f620-o1\" \/><input type=\"hidden\" name=\"_wpcf7_container_post\" value=\"0\" \/><input type=\"hidden\" name=\"_wpcf7_posted_data_hash\" value=\"\" \/>\n<\/fieldset>\n<div class=\"form-one__group\">\n    <div class=\"form-one__control form-one__control--full\">\n        <span class=\"wpcf7-form-control-wrap\" data-name=\"fname\"><input size=\"40\" maxlength=\"400\" class=\"wpcf7-form-control wpcf7-text wpcf7-validates-as-required\" aria-required=\"true\" aria-invalid=\"false\" placeholder=\"Nom\" value=\"\" type=\"text\" name=\"fname\" \/><\/span>\n    <\/div>\n    <div class=\"form-one__control form-one__control--full\">\n        <span class=\"wpcf7-form-control-wrap\" data-name=\"email\"><input size=\"40\" maxlength=\"400\" class=\"wpcf7-form-control wpcf7-email wpcf7-validates-as-required wpcf7-text wpcf7-validates-as-email\" aria-required=\"true\" aria-invalid=\"false\" placeholder=\"Adresse Email\" value=\"\" type=\"email\" name=\"email\" \/><\/span>\n    <\/div>\n    <div class=\"form-one__control form-one__control--full\">\n        <span class=\"wpcf7-form-control-wrap\" data-name=\"phone-no\"><input size=\"40\" maxlength=\"400\" class=\"wpcf7-form-control wpcf7-tel wpcf7-text wpcf7-validates-as-tel\" aria-invalid=\"false\" placeholder=\"T\u00e9l\u00e9phone\" value=\"\" type=\"tel\" name=\"phone-no\" \/><\/span>\n    <\/div>\n    <div class=\"form-one__control form-one__control--full\">\n        <button type=\"submit\" class=\"service-sidebar__appointment__form__btn easilon-btn\">\n            <span>Soumettre<\/span>\n            <span class=\"easilon-btn__icon\">\n                <i class=\"icon-double-right-arrow\"><\/i>\n            <\/span>\n        <\/button>\n    <\/div>\n<\/div><div class=\"wpcf7-response-output\" aria-hidden=\"true\"><\/div>\n<\/form>\n<\/div>                <\/div>\r\n                    <\/div><!-- \/.service-sidebar__company -->\r\n    <\/div><!-- \/.service-sidebar__single -->\r\n\t\t\t\t<\/div>\n\t\t\t\t<\/div>\n\t\t\t\t<\/div>\n\t\t<div class=\"elementor-element elementor-element-54e4252 e-flex e-con-boxed e-con e-child\" data-id=\"54e4252\" data-element_type=\"container\">\n\t\t\t\t\t<div class=\"e-con-inner\">\n\t\t\t\t<div class=\"elementor-element elementor-element-653a743 service-details__thumbnail elementor-widget elementor-widget-image\" data-id=\"653a743\" data-element_type=\"widget\" data-widget_type=\"image.default\">\n\t\t\t\t\t\t\t\t\t\t\t\t\t\t\t<img fetchpriority=\"high\" decoding=\"async\" width=\"640\" height=\"314\" src=\"https:\/\/sopsa-finance.com\/wp-content\/uploads\/2024\/06\/service-d-1-2.jpg\" class=\"attachment-large size-large wp-image-466\" alt=\"\" srcset=\"https:\/\/sopsa-finance.com\/wp-content\/uploads\/2024\/06\/service-d-1-2.jpg 770w, https:\/\/sopsa-finance.com\/wp-content\/uploads\/2024\/06\/service-d-1-2-570x280.jpg 570w, https:\/\/sopsa-finance.com\/wp-content\/uploads\/2024\/06\/service-d-1-2-300x147.jpg 300w, https:\/\/sopsa-finance.com\/wp-content\/uploads\/2024\/06\/service-d-1-2-768x377.jpg 768w\" sizes=\"(max-width: 640px) 100vw, 640px\" \/>\t\t\t\t\t\t\t\t\t\t\t\t\t\t\t<\/div>\n\t\t\t\t<div class=\"elementor-element elementor-element-c49411e elementor-widget elementor-widget-easilon-heading\" data-id=\"c49411e\" data-element_type=\"widget\" data-widget_type=\"easilon-heading.default\">\n\t\t\t\t<div class=\"elementor-widget-container\">\n\t\t\t\t\t            <h3 class=\"easilon_heading__title\">Auto Loan<\/h3>    \t\t\t\t<\/div>\n\t\t\t\t<\/div>\n\t\t\t\t<div class=\"elementor-element elementor-element-a4052e0 elementor-widget elementor-widget-text-editor\" data-id=\"a4052e0\" data-element_type=\"widget\" data-widget_type=\"text-editor.default\">\n\t\t\t\t\t\t\t\t\t<p data-start=\"190\" data-end=\"374\">Prenez le volant de vos projets avec SOPSA FINANCE <img decoding=\"async\" class=\"emoji\" role=\"img\" draggable=\"false\" src=\"https:\/\/s.w.org\/images\/core\/emoji\/16.0.1\/svg\/1f697.svg\" alt=\"\ud83d\ude97\" \/><br data-start=\"243\" data-end=\"246\" \/>Que ce soit pour un v\u00e9hicule neuf ou d\u2019occasion, nous vous accompagnons avec une solution de financement flexible et accessible.<\/p><p data-start=\"376\" data-end=\"409\"><strong data-start=\"376\" data-end=\"407\">Ce que vous pouvez financer<\/strong><\/p><ul data-start=\"410\" data-end=\"593\"><li data-start=\"410\" data-end=\"440\"><p data-start=\"412\" data-end=\"440\">Achat d\u2019une voiture neuve.<\/p><\/li><li data-start=\"441\" data-end=\"499\"><p data-start=\"443\" data-end=\"499\">Achat d\u2019une voiture d\u2019occasion (soumise \u00e0 conditions).<\/p><\/li><li data-start=\"500\" data-end=\"593\"><p data-start=\"502\" data-end=\"593\">Possiblement des accessoires ou l\u2019am\u00e9nagement du v\u00e9hicule selon le dossier (\u00e0 confirmer).<\/p><\/li><\/ul><p data-start=\"595\" data-end=\"614\"><strong data-start=\"595\" data-end=\"612\">Vos avantages<\/strong><\/p><ul data-start=\"615\" data-end=\"978\"><li data-start=\"615\" data-end=\"659\"><p data-start=\"617\" data-end=\"659\">Montant et dur\u00e9e adapt\u00e9s \u00e0 votre budget.<\/p><\/li><li data-start=\"660\" data-end=\"725\"><p data-start=\"662\" data-end=\"725\">Processus simple et rapide, avec accompagnement personnalis\u00e9.<\/p><\/li><li data-start=\"726\" data-end=\"799\"><p data-start=\"728\" data-end=\"799\">Conditions de remboursement flexibles afin d\u2019all\u00e9ger vos mensualit\u00e9s.<\/p><\/li><li data-start=\"800\" data-end=\"978\"><p data-start=\"802\" data-end=\"978\">Taux comp\u00e9titifs selon profil et dur\u00e9e. (Par exemple, certaines institutions affichent des taux d\u00e8s ~ 5-6 % APR pour v\u00e9hicules r\u00e9cents).<\/p><\/li><\/ul><p data-start=\"980\" data-end=\"1010\"><strong data-start=\"980\" data-end=\"1008\">Conditions d\u2019\u00e9ligibilit\u00e9<\/strong><\/p><ul data-start=\"1011\" data-end=\"1363\"><li data-start=\"1011\" data-end=\"1060\"><p data-start=\"1013\" data-end=\"1060\">\u00catre majeur et disposer de revenus r\u00e9guliers.<\/p><\/li><li data-start=\"1061\" data-end=\"1185\"><p data-start=\"1063\" data-end=\"1185\">Fournir les justificatifs classiques : pi\u00e8ce d\u2019identit\u00e9, justificatif de domicile, revenus, devis\/pro-forma du v\u00e9hicule.<\/p><\/li><li data-start=\"1186\" data-end=\"1249\"><p data-start=\"1188\" data-end=\"1249\">Apport possible (selon type de v\u00e9hicule, neuf ou occasion).<\/p><\/li><li data-start=\"1250\" data-end=\"1363\"><p data-start=\"1252\" data-end=\"1363\">Le v\u00e9hicule peut \u00e9ventuellement servir de garantie (dans certains cas).<\/p><\/li><\/ul><p data-start=\"1365\" data-end=\"1395\"><strong data-start=\"1365\" data-end=\"1393\">\u00c9tapes cl\u00e9s du processus<\/strong><\/p><ol data-start=\"1396\" data-end=\"1722\"><li data-start=\"1396\" data-end=\"1475\"><p data-start=\"1399\" data-end=\"1475\">D\u00e9posez votre demande : v\u00e9hicule cibl\u00e9, montant souhait\u00e9, dur\u00e9e envisag\u00e9e.<\/p><\/li><li data-start=\"1476\" data-end=\"1529\"><p data-start=\"1479\" data-end=\"1529\">\u00c9tude du dossier : revenus, v\u00e9hicule, garanties.<\/p><\/li><li data-start=\"1530\" data-end=\"1591\"><p data-start=\"1533\" data-end=\"1591\">Validation de l\u2019offre de pr\u00eat : taux, dur\u00e9e, conditions.<\/p><\/li><li data-start=\"1592\" data-end=\"1666\"><p data-start=\"1595\" data-end=\"1666\">D\u00e9blocage des fonds : vers le vendeur ou directement selon modalit\u00e9s.<\/p><\/li><li data-start=\"1667\" data-end=\"1722\"><p data-start=\"1670\" data-end=\"1722\">Remboursement : selon \u00e9ch\u00e9ancier \u00e9tabli, avec suivi.<\/p><\/li><\/ol><p data-start=\"1724\" data-end=\"1738\"><strong data-start=\"1724\" data-end=\"1736\">\u00c0 savoir<\/strong><\/p><ul data-start=\"1739\" data-end=\"2130\"><li data-start=\"1739\" data-end=\"1875\"><p data-start=\"1741\" data-end=\"1875\">Un v\u00e9hicule d\u2019occasion peut avoir des conditions diff\u00e9rentes (\u00e2ge maximum, apport plus \u00e9lev\u00e9).<\/p><\/li><li data-start=\"1876\" data-end=\"1977\"><p data-start=\"1878\" data-end=\"1977\">V\u00e9rifiez bien l\u2019\u00e9tat du v\u00e9hicule et que les garanties (assurance, immatriculation) sont en r\u00e8gle.<\/p><\/li><li data-start=\"1978\" data-end=\"2130\"><p data-start=\"1980\" data-end=\"2130\">En cas de non-paiement, le pr\u00eateur peut avoir recours \u00e0 des mesures : retrait du v\u00e9hicule, impact sur dossier.<\/p><\/li><\/ul>\t\t\t\t\t\t\t\t<\/div>\n\t\t\t\t<div class=\"elementor-element elementor-element-e652f99 elementor-widget elementor-widget-easilon-service-info\" data-id=\"e652f99\" data-element_type=\"widget\" data-widget_type=\"easilon-service-info.default\">\n\t\t\t\t<div class=\"elementor-widget-container\">\n\t\t\t\t\t\t<div class=\"service-details__info wow fadeInUp\" data-wow-duration=\"1500ms\" data-wow-delay=\"00ms\">\r\n        <ul class=\"list-unstyled service-details__list\">\r\n                            <li>\r\n                                            <span class=\"service-details__list__icon\">\r\n                            <i aria-hidden=\"true\" class=\"icon-check\"><\/i>                        <\/span>\r\n                                        Croissance commerciale instantan\u00e9e\n                <\/li>\r\n                            <li>\r\n                                            <span class=\"service-details__list__icon\">\r\n                            <i aria-hidden=\"true\" class=\"icon-check\"><\/i>                        <\/span>\r\n                                        Service de qualit\u00e9 24h\/24 et 7j\/7\n                <\/li>\r\n                            <li>\r\n                                            <span class=\"service-details__list__icon\">\r\n                            <i aria-hidden=\"true\" class=\"icon-check\"><\/i>                        <\/span>\r\n                                        Service client facile\n                <\/li>\r\n                            <li>\r\n                                            <span class=\"service-details__list__icon\">\r\n                            <i aria-hidden=\"true\" class=\"icon-check\"><\/i>                        <\/span>\r\n                                        \nQualit\u00e9 Co\u00fbt Service                <\/li>\r\n                    <\/ul><!-- \/.list-unstyled team-details__list -->\r\n        <img decoding=\"async\" src=\"https:\/\/sopsa-finance.com\/wp-content\/uploads\/2024\/06\/service-d-list-1.jpg\" alt=\"service-d-list-1\" title=\"service-d-list-1\" class=\"service-details__info__image\" >    <\/div><!-- \/.service-details__info -->\r\n\t\t\t\t<\/div>\n\t\t\t\t<\/div>\n\t\t\t\t\t<\/div>\n\t\t\t\t<\/div>\n\t\t\t\t\t<\/div>\n\t\t\t\t<\/div>\n\t\t<div class=\"elementor-element elementor-element-e8eac25 e-con-full e-flex e-con e-parent\" data-id=\"e8eac25\" data-element_type=\"container\">\n\t\t\t\t<div class=\"elementor-element elementor-element-52b1a6e elementor-widget elementor-widget-easilon-loan\" data-id=\"52b1a6e\" data-element_type=\"widget\" data-widget_type=\"easilon-loan.default\">\n\t\t\t\t<div class=\"elementor-widget-container\">\n\t\t\t\t\t\t<section class=\"loan-two loan-two__bg_color section-space\">\r\n\t\t<div class=\"container\">\r\n\t\t\t<div class=\"loan-two__inner\">\r\n\t\t\t\t<div class=\"loan-two__form\">\r\n\t\t\t\t\t\t\t\t\t\t\t\t\t\t\t<form action=\"#\" id=\"loan-calculator-69e74cb6f0d1b\" data-min-month=\"1\" data-max-month=\"36\" data-min-count=\"1000\" data-max-count=\"250000\" data-default-count=\"25000\" data-default-month=\"6\" data-month-label=\"Mois\" data-currency-symbol=\"\u20ac\" data-count-steps=\"1000\" data-form-direction=\"ltr\" data-interest-rate=\"2\" class=\"loan-calculator-form wow fadeInUp\" data-wow-duration=\"1500ms\">\r\n\t\t\t\t\t\t<h3 class=\"loan-calculator-form__title\">De combien avez-vous besoin ?<\/h3>\t\t\t\t\t\t<div class=\"loan-calculator-form__content\">\r\n\t\t\t\t\t\t\t\t\t\t\t\t\t\t\t<div class=\"input-box__top\">\r\n\t\t\t\t\t\t\t\t\t<span>\u20ac1000<\/span>\r\n\t\t\t\t\t\t\t\t\t<span>\u20ac250000<\/span>\r\n\t\t\t\t\t\t\t\t<\/div><!-- \/.input-box__top -->\r\n\t\t\t\t\t\t\t\t<div class=\"input-box\">\r\n\t\t\t\t\t\t\t\t\t<div class=\"range-slider-count\" id=\"loan-calculator-69e74cb6f0d1b-count\"><\/div>\r\n\t\t\t\t\t\t\t\t\t<input type=\"hidden\" value=\"\" class=\"min-count\" id=\"loan-calculator-69e74cb6f0d1b-min-count\">\r\n\t\t\t\t\t\t\t\t\t<input type=\"hidden\" value=\"\" class=\"max-count\" id=\"loan-calculator-69e74cb6f0d1b-max-count\">\r\n\t\t\t\t\t\t\t\t<\/div><!-- \/.input-box -->\r\n\t\t\t\t\t\t\t\t\t\t\t\t\t\t\t\t\t\t\t\t\t\t<div class=\"input-box__top input-box__top-border\">\r\n\t\t\t\t\t\t\t\t\t<span>1 Mois<\/span>\r\n\t\t\t\t\t\t\t\t\t<span>36 Mois<\/span>\r\n\t\t\t\t\t\t\t\t<\/div><!-- \/.input-box__top -->\r\n\t\t\t\t\t\t\t\t<div class=\"input-box\">\r\n\t\t\t\t\t\t\t\t\t<div class=\"range-slider-month\" id=\"loan-calculator-69e74cb6f0d1b-month\"><\/div>\r\n\t\t\t\t\t\t\t\t\t<input type=\"hidden\" value=\"\" class=\"min-month\" id=\"loan-calculator-69e74cb6f0d1b-min-month\">\r\n\t\t\t\t\t\t\t\t\t<input type=\"hidden\" value=\"\" class=\"max-month\" id=\"loan-calculator-69e74cb6f0d1b-max-month\">\r\n\t\t\t\t\t\t\t\t<\/div><!-- \/.input-box -->\r\n\t\t\t\t\t\t\t\r\n\t\t\t\t\t\t\t\t\t\t\t\t\t\t\t<p>\r\n\t\t\t\t\t\t\t\t\t<span>Payer mensuellement<\/span>\r\n\t\t\t\t\t\t\t\t\t<b>\u20ac<i class=\"loan-monthly-pay\"><\/i><\/b>\r\n\t\t\t\t\t\t\t\t<\/p>\r\n\t\t\t\t\t\t\t\t\t\t\t\t\t\t\t\t\t\t\t\t\t\t<p>\r\n\t\t\t\t\t\t\t\t\t<span>Conditions d'utilisation<\/span>\r\n\t\t\t\t\t\t\t\t\t<b><i class=\"loan-month\"><\/i> Mois<\/b>\r\n\t\t\t\t\t\t\t\t<\/p>\r\n\t\t\t\t\t\t\t\t\t\t\t\t\t\t\t\t\t\t\t\t\t<p>\r\n\t\t\t\t\t\t\t\t<span>Montant total du remboursement<\/span>\r\n\t\t\t\t\t\t\t\t<b>$<i class=\"loan-total\"><\/i><\/b>\r\n\t\t\t\t\t\t\t<\/p>\r\n\t\t\t\t\t\t\t\t\t\t\t\t\t\t\t\t\t\t\t\t\t\t<button type=\"submit\" class=\"easilon-btn loan-calculator-form__btn\">\r\n\t\t\t\t\t\t\t\t\t<span>Demander un pr\u00eat<\/span>\r\n\t\t\t\t\t\t\t\t\t\t\t\t\t\t\t\t\t\t\t<span class=\"easilon-btn__icon\">\r\n\t\t\t\t\t\t\t\t\t\t\t<i aria-hidden=\"true\" class=\"icon-right-arrow\"><\/i>\t\t\t\t\t\t\t\t\t\t<\/span>\r\n\t\t\t\t\t\t\t\t\t\t\t\t\t\t\t\t\t<\/button><!-- \/.easilon-btn -->\r\n\t\t\t\t\t\t\t\t\t\t\t\t\t<\/div><!-- \/.loan-calculator-form__content -->\r\n\t\t\t\t\t<\/form><!-- \/.loan-calculator-form -->\r\n\t\t\t\t<\/div><!-- \/.loan-two__form -->\r\n\t\t\t\t<img decoding=\"async\" src=\"https:\/\/sopsa-finance.com\/wp-content\/uploads\/2024\/06\/loan-money-2-1.png\" alt=\"loan-money-2-1\" title=\"loan-money-2-1\" class=\"loan-two__money\" >\t\t\t<\/div><!-- \/.loan-two__inner -->\r\n\t\t<\/div><!-- \/.container -->\r\n\t<\/section><!-- \/.loan-two section-space -->\r\n\t\t\t\t<\/div>\n\t\t\t\t<\/div>\n\t\t\t\t<\/div>\n\t\t\t\t<\/div>\n\t\t","protected":false},"excerpt":{"rendered":"<p>Pr\u00eat immobilier Pr\u00eat automobile Pr\u00eat personnel pr\u00eat entreprise pr\u00eat \u00e9tudiant LUN-SAM 8h00-21h00 +33 7 57 83 98 29 Prendre rendez-vous Soumettre Auto Loan Prenez le volant de vos projets avec SOPSA FINANCE Que ce soit pour un v\u00e9hicule neuf ou d\u2019occasion, nous vous accompagnons avec une solution de financement flexible et accessible. Ce que vous [&hellip;]<\/p>\n","protected":false},"author":1,"featured_media":0,"parent":0,"menu_order":0,"comment_status":"closed","ping_status":"closed","template":"elementor_header_footer","meta":{"footnotes":""},"class_list":["post-529","page","type-page","status-publish","hentry"],"_links":{"self":[{"href":"https:\/\/sopsa-finance.com\/index.php\/wp-json\/wp\/v2\/pages\/529","targetHints":{"allow":["GET"]}}],"collection":[{"href":"https:\/\/sopsa-finance.com\/index.php\/wp-json\/wp\/v2\/pages"}],"about":[{"href":"https:\/\/sopsa-finance.com\/index.php\/wp-json\/wp\/v2\/types\/page"}],"author":[{"embeddable":true,"href":"https:\/\/sopsa-finance.com\/index.php\/wp-json\/wp\/v2\/users\/1"}],"replies":[{"embeddable":true,"href":"https:\/\/sopsa-finance.com\/index.php\/wp-json\/wp\/v2\/comments?post=529"}],"version-history":[{"count":20,"href":"https:\/\/sopsa-finance.com\/index.php\/wp-json\/wp\/v2\/pages\/529\/revisions"}],"predecessor-version":[{"id":4108,"href":"https:\/\/sopsa-finance.com\/index.php\/wp-json\/wp\/v2\/pages\/529\/revisions\/4108"}],"wp:attachment":[{"href":"https:\/\/sopsa-finance.com\/index.php\/wp-json\/wp\/v2\/media?parent=529"}],"curies":[{"name":"wp","href":"https:\/\/api.w.org\/{rel}","templated":true}]}}