{"id":513,"date":"2024-06-12T10:49:53","date_gmt":"2024-06-12T10:49:53","guid":{"rendered":"http:\/\/bracketweb.com\/easilonwp\/?page_id=513"},"modified":"2025-10-28T22:12:53","modified_gmt":"2025-10-28T22:12:53","slug":"home-loan","status":"publish","type":"page","link":"https:\/\/sopsa-finance.com\/index.php\/home-loan\/","title":{"rendered":"Pr\u00eat immobilier"},"content":{"rendered":"\t\t<div data-elementor-type=\"wp-page\" data-elementor-id=\"513\" class=\"elementor elementor-513\">\n\t\t\t\t<div class=\"elementor-element elementor-element-dac9ce6 service-details section-space e-flex e-con-boxed e-con e-parent\" data-id=\"dac9ce6\" data-element_type=\"container\">\n\t\t\t\t\t<div class=\"e-con-inner\">\n\t\t<div class=\"elementor-element elementor-element-4600fef e-con-full e-flex e-con e-child\" data-id=\"4600fef\" data-element_type=\"container\">\n\t\t\t\t<div class=\"elementor-element elementor-element-a1ecb7f elementor-widget elementor-widget-sidebar-nav\" data-id=\"a1ecb7f\" data-element_type=\"widget\" data-widget_type=\"sidebar-nav.default\">\n\t\t\t\t<div class=\"elementor-widget-container\">\n\t\t\t\t\t\t<div class=\"service-sidebar__info service-sidebar__single wow fadeInLeft\" data-wow-duration=\"1500ms\">\r\n\t\t<div class=\"menu-service-list-menu-container\"><ul id=\"menu-service-list-menu\" class=\"list-unstyled service-sidebar__nav\"><li id=\"menu-item-568\" class=\"menu-item menu-item-type-post_type menu-item-object-page menu-item-568\"><a href=\"https:\/\/sopsa-finance.com\/index.php\/home-loan\/\">Pr\u00eat immobilier<\/a><\/li>\n<li id=\"menu-item-567\" class=\"menu-item menu-item-type-post_type menu-item-object-page menu-item-567\"><a href=\"https:\/\/sopsa-finance.com\/index.php\/auto-loan\/\">Pr\u00eat automobile<\/a><\/li>\n<li id=\"menu-item-566\" class=\"menu-item menu-item-type-post_type menu-item-object-page menu-item-566\"><a href=\"https:\/\/sopsa-finance.com\/index.php\/personal-loan\/\">Pr\u00eat personnel<\/a><\/li>\n<li id=\"menu-item-565\" class=\"menu-item menu-item-type-post_type menu-item-object-page menu-item-565\"><a href=\"https:\/\/sopsa-finance.com\/index.php\/business-loan\/\">pr\u00eat entreprise<\/a><\/li>\n<li id=\"menu-item-564\" class=\"menu-item menu-item-type-post_type menu-item-object-page menu-item-564\"><a href=\"https:\/\/sopsa-finance.com\/index.php\/study-loan\/\">pr\u00eat \u00e9tudiant<\/a><\/li>\n<\/ul><\/div>\t<\/div><!-- \/.service-sidebar__info service-sidebar__single -->\r\n\t\t\t\t<\/div>\n\t\t\t\t<\/div>\n\t\t\t\t<div class=\"elementor-element elementor-element-89ef190 elementor-widget elementor-widget-easilon-sidebar-call-to-action\" data-id=\"89ef190\" data-element_type=\"widget\" data-widget_type=\"easilon-sidebar-call-to-action.default\">\n\t\t\t\t<div class=\"elementor-widget-container\">\n\t\t\t\t\t\t<div class=\"service-sidebar__single\">\r\n\t\t<div class=\"service-sidebar__contact wow fadeInLeft\" data-wow-duration=\"1500ms\" data-wow-delay=\"100ms\">\r\n\t\t\t<div class=\"service-sidebar__contact__bg\">\r\n\t\t\t\t<div class=\"service-sidebar__contact__bg__inner\"><\/div><!-- \/.service-sidebar__contact__bg__inner -->\r\n\t\t\t<\/div><!-- \/.service-sidebar__contact__bg -->\r\n\t\t\t<div class=\"service-sidebar__contact__inner\">\r\n\t\t\t\t\t\t\t\t\t<div class=\"service-sidebar__contact__icon\">\r\n\t\t\t\t\t\t<i aria-hidden=\"true\" class=\"icon-telephone\"><\/i>\t\t\t\t\t<\/div><!-- \/.service-sidebar__contact__icon -->\r\n\t\t\t\t\t\t\t\t<div class=\"service-sidebar__contact__content\">\r\n\t\t\t\t\t\t\t\t\t\t\t<h4 class=\"service-sidebar__contact__time\">\r\n\t\t\t\t\t\t\tLUN-SAM 8h00-21h00\t\t\t\t\t\t<\/h4><!-- \/.service-sidebar__contact__time -->\r\n\t\t\t\t\t\t\t\t\t\t\t\t\t\t\t\t<h4 class=\"service-sidebar__contact__number\">\r\n\t\t\t\t\t\t\t<a href=\"tel:+33 7 57 83 98 29\" >\r\n\t\t\t\t\t\t\t\t+33 7 57 83 98 29\t\t\t\t\t\t\t<\/a>\r\n\t\t\t\t\t\t<\/h4><!-- \/.service-sidebar__contact__number -->\r\n\t\t\t\t\t\t\t\t\t<\/div><!-- \/.service-sidebar__contact__content -->\r\n\t\t\t<\/div><!-- \/.service-sidebar__contact__inner -->\r\n\t\t<\/div><!-- \/.service-sidebar__contact -->\r\n\t<\/div><!-- \/.service-sidebar__single -->\r\n\t\t\t\t<\/div>\n\t\t\t\t<\/div>\n\t\t\t\t<div class=\"elementor-element elementor-element-64bb924 elementor-widget elementor-widget-easilon-book-appointment\" data-id=\"64bb924\" data-element_type=\"widget\" data-widget_type=\"easilon-book-appointment.default\">\n\t\t\t\t<div class=\"elementor-widget-container\">\n\t\t\t\t\t    <div class=\"service-sidebar__single wow fadeInLeft\" data-wow-duration=\"1500ms\" data-wow-delay=\"200ms\">\r\n        <div class=\"service-sidebar__appointment\">\r\n            <h3 class=\"service-sidebar__appointment__title\">Prendre rendez-vous<\/h3>            <!-- \/.service-sidebar__appointment__title -->\r\n                            <div class=\"service-sidebar__appointment__form form-one contact-form-validated\">\r\n                    <div class=\"wpcf7 no-js\" id=\"wpcf7-f620-o1\" lang=\"en-US\" dir=\"ltr\" data-wpcf7-id=\"620\">\n<div class=\"screen-reader-response\"><p role=\"status\" aria-live=\"polite\" aria-atomic=\"true\"><\/p> <ul><\/ul><\/div>\n<form action=\"\/index.php\/wp-json\/wp\/v2\/pages\/513#wpcf7-f620-o1\" method=\"post\" class=\"wpcf7-form init\" aria-label=\"Contact form\" novalidate=\"novalidate\" data-status=\"init\">\n<fieldset class=\"hidden-fields-container\"><input type=\"hidden\" name=\"_wpcf7\" value=\"620\" \/><input type=\"hidden\" name=\"_wpcf7_version\" value=\"6.1.3\" \/><input type=\"hidden\" name=\"_wpcf7_locale\" value=\"en_US\" \/><input type=\"hidden\" name=\"_wpcf7_unit_tag\" value=\"wpcf7-f620-o1\" \/><input type=\"hidden\" name=\"_wpcf7_container_post\" value=\"0\" \/><input type=\"hidden\" name=\"_wpcf7_posted_data_hash\" value=\"\" \/>\n<\/fieldset>\n<div class=\"form-one__group\">\n    <div class=\"form-one__control form-one__control--full\">\n        <span class=\"wpcf7-form-control-wrap\" data-name=\"fname\"><input size=\"40\" maxlength=\"400\" class=\"wpcf7-form-control wpcf7-text wpcf7-validates-as-required\" aria-required=\"true\" aria-invalid=\"false\" placeholder=\"Nom\" value=\"\" type=\"text\" name=\"fname\" \/><\/span>\n    <\/div>\n    <div class=\"form-one__control form-one__control--full\">\n        <span class=\"wpcf7-form-control-wrap\" data-name=\"email\"><input size=\"40\" maxlength=\"400\" class=\"wpcf7-form-control wpcf7-email wpcf7-validates-as-required wpcf7-text wpcf7-validates-as-email\" aria-required=\"true\" aria-invalid=\"false\" placeholder=\"Adresse Email\" value=\"\" type=\"email\" name=\"email\" \/><\/span>\n    <\/div>\n    <div class=\"form-one__control form-one__control--full\">\n        <span class=\"wpcf7-form-control-wrap\" data-name=\"phone-no\"><input size=\"40\" maxlength=\"400\" class=\"wpcf7-form-control wpcf7-tel wpcf7-text wpcf7-validates-as-tel\" aria-invalid=\"false\" placeholder=\"T\u00e9l\u00e9phone\" value=\"\" type=\"tel\" name=\"phone-no\" \/><\/span>\n    <\/div>\n    <div class=\"form-one__control form-one__control--full\">\n        <button type=\"submit\" class=\"service-sidebar__appointment__form__btn easilon-btn\">\n            <span>Soumettre<\/span>\n            <span class=\"easilon-btn__icon\">\n                <i class=\"icon-double-right-arrow\"><\/i>\n            <\/span>\n        <\/button>\n    <\/div>\n<\/div><div class=\"wpcf7-response-output\" aria-hidden=\"true\"><\/div>\n<\/form>\n<\/div>                <\/div>\r\n                    <\/div><!-- \/.service-sidebar__company -->\r\n    <\/div><!-- \/.service-sidebar__single -->\r\n\t\t\t\t<\/div>\n\t\t\t\t<\/div>\n\t\t\t\t<\/div>\n\t\t<div class=\"elementor-element elementor-element-a5b91e7 e-flex e-con-boxed e-con e-child\" data-id=\"a5b91e7\" data-element_type=\"container\">\n\t\t\t\t\t<div class=\"e-con-inner\">\n\t\t\t\t<div class=\"elementor-element elementor-element-1f23252 service-details__thumbnail elementor-widget elementor-widget-image\" data-id=\"1f23252\" data-element_type=\"widget\" data-widget_type=\"image.default\">\n\t\t\t\t\t\t\t\t\t\t\t\t\t\t\t<img fetchpriority=\"high\" decoding=\"async\" width=\"640\" height=\"314\" src=\"https:\/\/sopsa-finance.com\/wp-content\/uploads\/2024\/06\/service-d-1-1.jpg\" class=\"attachment-large size-large wp-image-465\" alt=\"\" srcset=\"https:\/\/sopsa-finance.com\/wp-content\/uploads\/2024\/06\/service-d-1-1.jpg 770w, https:\/\/sopsa-finance.com\/wp-content\/uploads\/2024\/06\/service-d-1-1-570x280.jpg 570w, https:\/\/sopsa-finance.com\/wp-content\/uploads\/2024\/06\/service-d-1-1-300x147.jpg 300w, https:\/\/sopsa-finance.com\/wp-content\/uploads\/2024\/06\/service-d-1-1-768x377.jpg 768w\" sizes=\"(max-width: 640px) 100vw, 640px\" \/>\t\t\t\t\t\t\t\t\t\t\t\t\t\t\t<\/div>\n\t\t\t\t<div class=\"elementor-element elementor-element-b7a94e1 elementor-widget elementor-widget-easilon-heading\" data-id=\"b7a94e1\" data-element_type=\"widget\" data-widget_type=\"easilon-heading.default\">\n\t\t\t\t<div class=\"elementor-widget-container\">\n\t\t\t\t\t            <h3 class=\"easilon_heading__title\">Pr\u00eat Immobilier<\/h3>    \t\t\t\t<\/div>\n\t\t\t\t<\/div>\n\t\t\t\t<div class=\"elementor-element elementor-element-a08b0f4 elementor-widget elementor-widget-text-editor\" data-id=\"a08b0f4\" data-element_type=\"widget\" data-widget_type=\"text-editor.default\">\n\t\t\t\t\t\t\t\t\t<p data-start=\"150\" data-end=\"310\">R\u00e9alisons ensemble votre projet de logement\u00a0 Avec SOPSA FINANCE, acc\u00e9dez \u00e0 la propri\u00e9t\u00e9 ou transformez votre habitat gr\u00e2ce \u00e0 un accompagnement sur-mesure.<\/p><p data-start=\"312\" data-end=\"345\"><strong data-start=\"312\" data-end=\"343\">Ce que vous pouvez financer<\/strong><\/p><ul data-start=\"346\" data-end=\"472\"><li data-start=\"346\" data-end=\"386\"><p data-start=\"348\" data-end=\"386\">L\u2019achat d\u2019un logement neuf ou ancien<\/p><\/li><li data-start=\"387\" data-end=\"425\"><p data-start=\"389\" data-end=\"425\">La construction de votre r\u00e9sidence<\/p><\/li><li data-start=\"426\" data-end=\"472\"><p data-start=\"428\" data-end=\"472\">Des travaux de r\u00e9novation ou d\u2019am\u00e9nagement<\/p><\/li><\/ul><p data-start=\"474\" data-end=\"493\"><strong data-start=\"474\" data-end=\"491\">Vos avantages<\/strong><\/p><ul data-start=\"494\" data-end=\"951\"><li data-start=\"494\" data-end=\"564\"><p data-start=\"496\" data-end=\"564\">Montant adapt\u00e9 \u00e0 votre projet et \u00e0 votre capacit\u00e9 de remboursement<\/p><\/li><li data-start=\"565\" data-end=\"612\"><p data-start=\"567\" data-end=\"612\">Dur\u00e9e flexible pour all\u00e9ger vos mensualit\u00e9s<\/p><\/li><li data-start=\"613\" data-end=\"772\"><p data-start=\"615\" data-end=\"772\">Taux comp\u00e9titifs : par exemple, certaines offres en France\u00a0 d\u00e9marrent autour de <strong data-start=\"693\" data-end=\"705\">6,8 % HT<\/strong> pour des pr\u00eats sur 20 ans.<\/p><\/li><li data-start=\"773\" data-end=\"877\"><p data-start=\"775\" data-end=\"877\">Possibilit\u00e9 d\u2019un apport r\u00e9duit (10 % \u00e0 20 %) selon conditions.<\/p><\/li><li data-start=\"878\" data-end=\"951\"><p data-start=\"880\" data-end=\"951\">Accompagnement partenaire : assurance, garantie et suivi personnalis\u00e9<\/p><\/li><\/ul><p data-start=\"953\" data-end=\"994\"><strong data-start=\"953\" data-end=\"992\">Conditions classiques d\u2019\u00e9ligibilit\u00e9<\/strong><\/p><ul data-start=\"995\" data-end=\"1323\"><li data-start=\"995\" data-end=\"1062\"><p data-start=\"997\" data-end=\"1062\">\u00catre majeur (18 ans minimum) et percevoir des revenus r\u00e9guliers<\/p><\/li><li data-start=\"1063\" data-end=\"1137\"><p data-start=\"1065\" data-end=\"1137\">Domicilier vos revenus chez SOPSA FINANCE ou selon arrangement convenu<\/p><\/li><li data-start=\"1138\" data-end=\"1208\"><p data-start=\"1140\" data-end=\"1208\">Apport personnel et garanties (hypoth\u00e8que, assurance) selon le cas<\/p><\/li><li data-start=\"1209\" data-end=\"1323\"><p data-start=\"1211\" data-end=\"1323\">Fournir un dossier complet incluant pi\u00e8ce d\u2019identit\u00e9, justificatif de domicile, titre du bien ou devis travaux<\/p><\/li><\/ul><p data-start=\"1325\" data-end=\"1355\"><strong data-start=\"1325\" data-end=\"1353\">\u00c9tapes cl\u00e9s du processus<\/strong><\/p><ol data-start=\"1356\" data-end=\"1714\"><li data-start=\"1356\" data-end=\"1448\"><p data-start=\"1359\" data-end=\"1448\">D\u00e9posez votre demande en ligne ou en agence : projet, montant souhait\u00e9, dur\u00e9e envisag\u00e9e<\/p><\/li><li data-start=\"1449\" data-end=\"1545\"><p data-start=\"1452\" data-end=\"1545\">\u00c9tude du dossier : examen de votre profil, de vos revenus, du bien ou des travaux envisag\u00e9s<\/p><\/li><li data-start=\"1546\" data-end=\"1593\"><p data-start=\"1549\" data-end=\"1593\">Validation et signature de l\u2019offre de pr\u00eat<\/p><\/li><li data-start=\"1594\" data-end=\"1656\"><p data-start=\"1597\" data-end=\"1656\">Mise \u00e0 disposition des fonds et d\u00e9marrage de votre projet<\/p><\/li><li data-start=\"1657\" data-end=\"1714\"><p data-start=\"1660\" data-end=\"1714\">Remboursement selon \u00e9ch\u00e9ancier adapt\u00e9 \u00e0 votre budget<\/p><\/li><\/ol>\t\t\t\t\t\t\t\t<\/div>\n\t\t\t\t<div class=\"elementor-element elementor-element-28634cf elementor-widget elementor-widget-easilon-service-info\" data-id=\"28634cf\" data-element_type=\"widget\" data-widget_type=\"easilon-service-info.default\">\n\t\t\t\t<div class=\"elementor-widget-container\">\n\t\t\t\t\t\t<div class=\"service-details__info wow fadeInUp\" data-wow-duration=\"1500ms\" data-wow-delay=\"00ms\">\r\n        <ul class=\"list-unstyled service-details__list\">\r\n                            <li>\r\n                                            <span class=\"service-details__list__icon\">\r\n                            <i aria-hidden=\"true\" class=\"icon-check\"><\/i>                        <\/span>\r\n                                        Croissance commerciale instantan\u00e9e                <\/li>\r\n                            <li>\r\n                                            <span class=\"service-details__list__icon\">\r\n                            <i aria-hidden=\"true\" class=\"icon-check\"><\/i>                        <\/span>\r\n                                        \nService de qualit\u00e9 24h\/24 et 7j\/7                <\/li>\r\n                            <li>\r\n                                            <span class=\"service-details__list__icon\">\r\n                            <i aria-hidden=\"true\" class=\"icon-check\"><\/i>                        <\/span>\r\n                                        Qualit\u00e9 Co\u00fbt Service\n                <\/li>\r\n                            <li>\r\n                                            <span class=\"service-details__list__icon\">\r\n                            <i aria-hidden=\"true\" class=\"icon-check\"><\/i>                        <\/span>\r\n                                        Service client facile                <\/li>\r\n                    <\/ul><!-- \/.list-unstyled team-details__list -->\r\n        <img decoding=\"async\" src=\"https:\/\/sopsa-finance.com\/wp-content\/uploads\/2024\/06\/service-d-list-1.jpg\" alt=\"service-d-list-1\" title=\"service-d-list-1\" class=\"service-details__info__image\" >    <\/div><!-- \/.service-details__info -->\r\n\t\t\t\t<\/div>\n\t\t\t\t<\/div>\n\t\t\t\t\t<\/div>\n\t\t\t\t<\/div>\n\t\t\t\t\t<\/div>\n\t\t\t\t<\/div>\n\t\t<div class=\"elementor-element elementor-element-31dd91a0 e-con-full e-flex e-con e-parent\" data-id=\"31dd91a0\" data-element_type=\"container\">\n\t\t\t\t<div class=\"elementor-element elementor-element-3fb95e02 elementor-widget elementor-widget-easilon-loan\" data-id=\"3fb95e02\" data-element_type=\"widget\" data-widget_type=\"easilon-loan.default\">\n\t\t\t\t<div class=\"elementor-widget-container\">\n\t\t\t\t\t\t<section class=\"loan-two loan-two__bg_color section-space\">\r\n\t\t<div class=\"container\">\r\n\t\t\t<div class=\"loan-two__inner\">\r\n\t\t\t\t<div class=\"loan-two__form\">\r\n\t\t\t\t\t\t\t\t\t\t\t\t\t\t\t<form action=\"#\" id=\"loan-calculator-69e4a81d99a37\" data-min-month=\"1\" data-max-month=\"36\" data-min-count=\"1000\" data-max-count=\"250000\" data-default-count=\"25000\" data-default-month=\"6\" data-month-label=\"Mois\" data-currency-symbol=\"\u20ac\" data-count-steps=\"1000\" data-form-direction=\"ltr\" data-interest-rate=\"2\" class=\"loan-calculator-form wow fadeInUp\" data-wow-duration=\"1500ms\">\r\n\t\t\t\t\t\t<h3 class=\"loan-calculator-form__title\">De combien avez-vous besoin ?<\/h3>\t\t\t\t\t\t<div class=\"loan-calculator-form__content\">\r\n\t\t\t\t\t\t\t\t\t\t\t\t\t\t\t<div class=\"input-box__top\">\r\n\t\t\t\t\t\t\t\t\t<span>\u20ac1000<\/span>\r\n\t\t\t\t\t\t\t\t\t<span>\u20ac250000<\/span>\r\n\t\t\t\t\t\t\t\t<\/div><!-- \/.input-box__top -->\r\n\t\t\t\t\t\t\t\t<div class=\"input-box\">\r\n\t\t\t\t\t\t\t\t\t<div class=\"range-slider-count\" id=\"loan-calculator-69e4a81d99a37-count\"><\/div>\r\n\t\t\t\t\t\t\t\t\t<input type=\"hidden\" value=\"\" class=\"min-count\" id=\"loan-calculator-69e4a81d99a37-min-count\">\r\n\t\t\t\t\t\t\t\t\t<input type=\"hidden\" value=\"\" class=\"max-count\" id=\"loan-calculator-69e4a81d99a37-max-count\">\r\n\t\t\t\t\t\t\t\t<\/div><!-- \/.input-box -->\r\n\t\t\t\t\t\t\t\t\t\t\t\t\t\t\t\t\t\t\t\t\t\t<div class=\"input-box__top input-box__top-border\">\r\n\t\t\t\t\t\t\t\t\t<span>1 Mois<\/span>\r\n\t\t\t\t\t\t\t\t\t<span>36 Mois<\/span>\r\n\t\t\t\t\t\t\t\t<\/div><!-- \/.input-box__top -->\r\n\t\t\t\t\t\t\t\t<div class=\"input-box\">\r\n\t\t\t\t\t\t\t\t\t<div class=\"range-slider-month\" id=\"loan-calculator-69e4a81d99a37-month\"><\/div>\r\n\t\t\t\t\t\t\t\t\t<input type=\"hidden\" value=\"\" class=\"min-month\" id=\"loan-calculator-69e4a81d99a37-min-month\">\r\n\t\t\t\t\t\t\t\t\t<input type=\"hidden\" value=\"\" class=\"max-month\" id=\"loan-calculator-69e4a81d99a37-max-month\">\r\n\t\t\t\t\t\t\t\t<\/div><!-- \/.input-box -->\r\n\t\t\t\t\t\t\t\r\n\t\t\t\t\t\t\t\t\t\t\t\t\t\t\t<p>\r\n\t\t\t\t\t\t\t\t\t<span>Payer mensuellement<\/span>\r\n\t\t\t\t\t\t\t\t\t<b>\u20ac<i class=\"loan-monthly-pay\"><\/i><\/b>\r\n\t\t\t\t\t\t\t\t<\/p>\r\n\t\t\t\t\t\t\t\t\t\t\t\t\t\t\t\t\t\t\t\t\t\t<p>\r\n\t\t\t\t\t\t\t\t\t<span>Conditions d'utilisation<\/span>\r\n\t\t\t\t\t\t\t\t\t<b><i class=\"loan-month\"><\/i> Mois<\/b>\r\n\t\t\t\t\t\t\t\t<\/p>\r\n\t\t\t\t\t\t\t\t\t\t\t\t\t\t\t\t\t\t\t\t\t<p>\r\n\t\t\t\t\t\t\t\t<span>Montant total du remboursement<\/span>\r\n\t\t\t\t\t\t\t\t<b>$<i class=\"loan-total\"><\/i><\/b>\r\n\t\t\t\t\t\t\t<\/p>\r\n\t\t\t\t\t\t\t\t\t\t\t\t\t\t\t\t\t\t\t\t\t\t<button type=\"submit\" class=\"easilon-btn loan-calculator-form__btn\">\r\n\t\t\t\t\t\t\t\t\t<span>Demander un pr\u00eat<\/span>\r\n\t\t\t\t\t\t\t\t\t\t\t\t\t\t\t\t\t\t\t<span class=\"easilon-btn__icon\">\r\n\t\t\t\t\t\t\t\t\t\t\t<i aria-hidden=\"true\" class=\"icon-right-arrow\"><\/i>\t\t\t\t\t\t\t\t\t\t<\/span>\r\n\t\t\t\t\t\t\t\t\t\t\t\t\t\t\t\t\t<\/button><!-- \/.easilon-btn -->\r\n\t\t\t\t\t\t\t\t\t\t\t\t\t<\/div><!-- \/.loan-calculator-form__content -->\r\n\t\t\t\t\t<\/form><!-- \/.loan-calculator-form -->\r\n\t\t\t\t<\/div><!-- \/.loan-two__form -->\r\n\t\t\t\t<img decoding=\"async\" src=\"https:\/\/sopsa-finance.com\/wp-content\/uploads\/2024\/06\/loan-money-2-1.png\" alt=\"loan-money-2-1\" title=\"loan-money-2-1\" class=\"loan-two__money\" >\t\t\t<\/div><!-- \/.loan-two__inner -->\r\n\t\t<\/div><!-- \/.container -->\r\n\t<\/section><!-- \/.loan-two section-space -->\r\n\t\t\t\t<\/div>\n\t\t\t\t<\/div>\n\t\t\t\t<\/div>\n\t\t\t\t<\/div>\n\t\t","protected":false},"excerpt":{"rendered":"<p>Pr\u00eat immobilier Pr\u00eat automobile Pr\u00eat personnel pr\u00eat entreprise pr\u00eat \u00e9tudiant LUN-SAM 8h00-21h00 +33 7 57 83 98 29 Prendre rendez-vous submit now Pr\u00eat Immobilier R\u00e9alisons ensemble votre projet de logement\u00a0 Avec SOPSA FINANCE, acc\u00e9dez \u00e0 la propri\u00e9t\u00e9 ou transformez votre habitat gr\u00e2ce \u00e0 un accompagnement sur-mesure. Ce que vous pouvez financer L\u2019achat d\u2019un logement neuf [&hellip;]<\/p>\n","protected":false},"author":1,"featured_media":0,"parent":0,"menu_order":0,"comment_status":"closed","ping_status":"closed","template":"elementor_header_footer","meta":{"footnotes":""},"class_list":["post-513","page","type-page","status-publish","hentry"],"_links":{"self":[{"href":"https:\/\/sopsa-finance.com\/index.php\/wp-json\/wp\/v2\/pages\/513","targetHints":{"allow":["GET"]}}],"collection":[{"href":"https:\/\/sopsa-finance.com\/index.php\/wp-json\/wp\/v2\/pages"}],"about":[{"href":"https:\/\/sopsa-finance.com\/index.php\/wp-json\/wp\/v2\/types\/page"}],"author":[{"embeddable":true,"href":"https:\/\/sopsa-finance.com\/index.php\/wp-json\/wp\/v2\/users\/1"}],"replies":[{"embeddable":true,"href":"https:\/\/sopsa-finance.com\/index.php\/wp-json\/wp\/v2\/comments?post=513"}],"version-history":[{"count":29,"href":"https:\/\/sopsa-finance.com\/index.php\/wp-json\/wp\/v2\/pages\/513\/revisions"}],"predecessor-version":[{"id":3919,"href":"https:\/\/sopsa-finance.com\/index.php\/wp-json\/wp\/v2\/pages\/513\/revisions\/3919"}],"wp:attachment":[{"href":"https:\/\/sopsa-finance.com\/index.php\/wp-json\/wp\/v2\/media?parent=513"}],"curies":[{"name":"wp","href":"https:\/\/api.w.org\/{rel}","templated":true}]}}