{"id":2643,"date":"2024-06-25T04:39:01","date_gmt":"2024-06-25T04:39:01","guid":{"rendered":"http:\/\/bracketweb.com\/easilonwp\/?page_id=2643"},"modified":"2025-11-26T23:04:11","modified_gmt":"2025-11-26T23:04:11","slug":"contact-us","status":"publish","type":"page","link":"https:\/\/sopsa-finance.com\/index.php\/contact-us\/","title":{"rendered":"Contacter Nous"},"content":{"rendered":"\t\t<div data-elementor-type=\"wp-page\" data-elementor-id=\"2643\" class=\"elementor elementor-2643\">\n\t\t\t\t<div class=\"elementor-element elementor-element-10650e3e e-con-full e-flex e-con e-parent\" data-id=\"10650e3e\" data-element_type=\"container\">\n\t\t\t\t<div class=\"elementor-element elementor-element-4911e5e2 elementor-widget elementor-widget-easilon-contact\" data-id=\"4911e5e2\" data-element_type=\"widget\" data-widget_type=\"easilon-contact.default\">\n\t\t\t\t<div class=\"elementor-widget-container\">\n\t\t\t\t\t    <section class=\"contact-one section-space\">\r\n        <div class=\"container\">\r\n            <div class=\"row gutter-y-50 align-items-center\">\r\n                <div class=\"col-lg-6\">\r\n                    <div class=\"contact-one__image wow fadeInLeft\" data-wow-duration=\"1500ms\">\r\n                        <div class=\"contact-one__info list-unstyled\">\r\n                            <div class=\"contact-one__info__shape\"><\/div><!-- \/.contact-one__info__shape -->\r\n                            <div class=\"contact-one__info__inner\">\r\n                                                                    <div class=\"contact-one__info__item\">\r\n                                                                                    <span class=\"contact-one__info__icon\">\r\n                                                <i aria-hidden=\"true\" class=\"icon-location\"><\/i>                                            <\/span><!-- \/.contact-one__info__icon -->\r\n                                                                                <div class=\"contact-one__info__content\">\r\n                                                                                            <h4 class=\"contact-one__info__title\">\r\n                                                    Adresse :                                                <\/h4><!-- \/.contact-one__info__title -->\r\n                                                                                                                                        <a href=\"https:\/\/maps.app.goo.gl\/wpr8sgirX4NK6VsU7\" class=\"contact-one__info__text\">\r\n                                                    ZONE INDUSTRIELLE ZI DE TERCA<br>C\/O DPS SARL, 97351 MATOURY                                                <\/a><!-- \/.contact-one__info__text -->\r\n                                                                                    <\/div><!-- \/.contact-one__info__content -->\r\n                                    <\/div><!-- \/.contact-one__info__item -->\r\n                                                                    <div class=\"contact-one__info__item\">\r\n                                                                                    <span class=\"contact-one__info__icon\">\r\n                                                <i aria-hidden=\"true\" class=\"icon-telephone\"><\/i>                                            <\/span><!-- \/.contact-one__info__icon -->\r\n                                                                                <div class=\"contact-one__info__content\">\r\n                                                                                            <h4 class=\"contact-one__info__title\">\r\n                                                    Contact rapide                                                <\/h4><!-- \/.contact-one__info__title -->\r\n                                                                                                                                        <a href=\"tel:(406)555-0120\" class=\"contact-one__info__text\">\r\n                                                    +33 7 57 83 98 29                                                <\/a><!-- \/.contact-one__info__text -->\r\n                                                                                    <\/div><!-- \/.contact-one__info__content -->\r\n                                    <\/div><!-- \/.contact-one__info__item -->\r\n                                                                    <div class=\"contact-one__info__item\">\r\n                                                                                    <span class=\"contact-one__info__icon\">\r\n                                                <i aria-hidden=\"true\" class=\" icon-mail\"><\/i>                                            <\/span><!-- \/.contact-one__info__icon -->\r\n                                                                                <div class=\"contact-one__info__content\">\r\n                                                                                            <h4 class=\"contact-one__info__title\">\r\n                                                    Courriel d'assistance                                                <\/h4><!-- \/.contact-one__info__title -->\r\n                                                                                                                                        <a href=\"mailto:info@easilon.com\" class=\"contact-one__info__text\">\r\n                                                    info@sopsa-finance.com                                                <\/a><!-- \/.contact-one__info__text -->\r\n                                                                                    <\/div><!-- \/.contact-one__info__content -->\r\n                                    <\/div><!-- \/.contact-one__info__item -->\r\n                                                            <\/div><!-- \/.contact-one__info__inner -->\r\n                        <\/div><!-- \/.contact-one__info -->\r\n                    <\/div><!-- \/.contact-one__image -->\r\n                <\/div><!-- \/.col-lg-6 -->\r\n                <div class=\"col-lg-6\">\r\n                    <div class=\"contact-one__form contact-form-validated form-one wow fadeInRight\" data-wow-duration=\"1500ms\">\r\n                        <h2 class=\"contact-one__form__title\">Laissez-nous un message<\/h2>                        <!-- \/.contact-one__form__title -->\r\n                                                    <div class=\"contact-one__form contact-form-validated form-one wow fadeInRight\" data-wow-duration=\"1500ms\">\r\n                                <div class=\"wpcf7 no-js\" id=\"wpcf7-f30-o1\" lang=\"en-US\" dir=\"ltr\" data-wpcf7-id=\"30\">\n<div class=\"screen-reader-response\"><p role=\"status\" aria-live=\"polite\" aria-atomic=\"true\"><\/p> <ul><\/ul><\/div>\n<form action=\"\/index.php\/wp-json\/wp\/v2\/pages\/2643#wpcf7-f30-o1\" method=\"post\" class=\"wpcf7-form init\" aria-label=\"Contact form\" novalidate=\"novalidate\" data-status=\"init\">\n<fieldset class=\"hidden-fields-container\"><input type=\"hidden\" name=\"_wpcf7\" value=\"30\" \/><input type=\"hidden\" name=\"_wpcf7_version\" value=\"6.1.3\" \/><input type=\"hidden\" name=\"_wpcf7_locale\" value=\"en_US\" \/><input type=\"hidden\" name=\"_wpcf7_unit_tag\" value=\"wpcf7-f30-o1\" \/><input type=\"hidden\" name=\"_wpcf7_container_post\" value=\"0\" \/><input type=\"hidden\" name=\"_wpcf7_posted_data_hash\" value=\"\" \/>\n<\/fieldset>\n<div class=\"form-one__group\">\n    <div class=\"form-one__control\">\n        <span class=\"wpcf7-form-control-wrap\" data-name=\"your-name\"><input size=\"40\" maxlength=\"400\" class=\"wpcf7-form-control wpcf7-text wpcf7-validates-as-required\" aria-required=\"true\" aria-invalid=\"false\" placeholder=\"Votre nom\" value=\"\" type=\"text\" name=\"your-name\" \/><\/span>\n    <\/div>\n    <div class=\"form-one__control\">\n        <span class=\"wpcf7-form-control-wrap\" data-name=\"your-email\"><input size=\"40\" maxlength=\"400\" class=\"wpcf7-form-control wpcf7-email wpcf7-validates-as-required wpcf7-text wpcf7-validates-as-email\" aria-required=\"true\" aria-invalid=\"false\" placeholder=\"Votre Email\" value=\"\" type=\"email\" name=\"your-email\" \/><\/span>\n    <\/div>\n    <div class=\"form-one__control form-one__control--full\">\n        <div class=\"form-one__control__select\">\n            <span class=\"wpcf7-form-control-wrap\" data-name=\"your-subject\"><select class=\"wpcf7-form-control wpcf7-select wpcf7-validates-as-required selectpicker\" id=\"select-subject\" aria-required=\"true\" aria-invalid=\"false\" name=\"your-subject\"><option value=\"Select Subject\">Select Subject<\/option><option value=\"Pr\u00eat immobilier\">Pr\u00eat immobilier<\/option><option value=\"Pr\u00eat personnel\">Pr\u00eat personnel<\/option><option value=\"Pr\u00eat aux entreprise\">Pr\u00eat aux entreprise<\/option><option value=\"Pr\u00eat \u00e9tudiant\">Pr\u00eat \u00e9tudiant<\/option><\/select><\/span>\n        <\/div>\n    <\/div>\n    <div class=\"form-one__control form-one__control--full\">\n        <span class=\"wpcf7-form-control-wrap\" data-name=\"Votre-message\"><textarea cols=\"40\" rows=\"10\" maxlength=\"2000\" class=\"wpcf7-form-control wpcf7-textarea\" aria-invalid=\"false\" placeholder=\"Ecrire votre Message\" name=\"Votre-message\"><\/textarea><\/span>\n    <\/div>\n    <div class=\"form-one__control form-one__control--full\">\n        <button type=\"submit\" class=\"contact-one__form__btn easilon-btn\"><span>Soumettre<\/span><\/button>\n    <\/div>\n<\/div><div class=\"wpcf7-response-output\" aria-hidden=\"true\"><\/div>\n<\/form>\n<\/div>                            <\/div>\r\n                                            <\/div>\r\n                <\/div><!-- \/.col-lg-6 -->\r\n            <\/div><!-- \/.row gutter-y-50 -->\r\n        <\/div><!-- \/.container -->\r\n    <\/section><!-- \/.contact-one section-space -->\r\n\t\t\t\t<\/div>\n\t\t\t\t<\/div>\n\t\t\t\t<\/div>\n\t\t<div class=\"elementor-element elementor-element-595d2cd e-con-full e-flex e-con e-parent\" data-id=\"595d2cd\" data-element_type=\"container\">\n\t\t\t\t<div class=\"elementor-element elementor-element-9bdbfb3 elementor-widget elementor-widget-easilon-google-map\" data-id=\"9bdbfb3\" data-element_type=\"widget\" data-widget_type=\"easilon-google-map.default\">\n\t\t\t\t<div class=\"elementor-widget-container\">\n\t\t\t\t\t\t\t<!--Google Map Two Start-->\r\n\t<section class=\"contact-map\">\r\n\t\t<div class=\"container-fluid\">\r\n\t\t\t<div class=\"google-map google-map__contact\">\r\n                <iframe title=\"ZONE INDUSTRIELLE ZI DE TERCA C\/O DPS SARL, 97351 MATOURY\" src=\"https:\/\/maps.google.com\/maps?q=ZONE%20INDUSTRIELLE%20ZI%20DE%20TERCA%20C%2FO%20DPS%20SARL%2C%2097351%20MATOURY&#038;t=m&#038;z=10&#038;output=embed&#038;iwloc=near\" class=\"map__contact\" allowfullscreen><\/iframe>\r\n\r\n\t\t\t<\/div>\r\n\t\t<\/div>\r\n\t<\/section>\r\n\t<!--Google Map Two End-->\r\n\r\n\t\t\t\t<\/div>\n\t\t\t\t<\/div>\n\t\t\t\t<\/div>\n\t\t\t\t<\/div>\n\t\t","protected":false},"excerpt":{"rendered":"<p>Adresse : ZONE INDUSTRIELLE ZI DE TERCAC\/O DPS SARL, 97351 MATOURY Contact rapide +33 7 57 83 98 29 Courriel d&rsquo;assistance info@sopsa-finance.com Laissez-nous un message Select SubjectPr\u00eat immobilierPr\u00eat personnelPr\u00eat aux entreprisePr\u00eat \u00e9tudiant Soumettre<\/p>\n","protected":false},"author":1,"featured_media":0,"parent":0,"menu_order":0,"comment_status":"closed","ping_status":"closed","template":"elementor_header_footer","meta":{"footnotes":""},"class_list":["post-2643","page","type-page","status-publish","hentry"],"_links":{"self":[{"href":"https:\/\/sopsa-finance.com\/index.php\/wp-json\/wp\/v2\/pages\/2643","targetHints":{"allow":["GET"]}}],"collection":[{"href":"https:\/\/sopsa-finance.com\/index.php\/wp-json\/wp\/v2\/pages"}],"about":[{"href":"https:\/\/sopsa-finance.com\/index.php\/wp-json\/wp\/v2\/types\/page"}],"author":[{"embeddable":true,"href":"https:\/\/sopsa-finance.com\/index.php\/wp-json\/wp\/v2\/users\/1"}],"replies":[{"embeddable":true,"href":"https:\/\/sopsa-finance.com\/index.php\/wp-json\/wp\/v2\/comments?post=2643"}],"version-history":[{"count":16,"href":"https:\/\/sopsa-finance.com\/index.php\/wp-json\/wp\/v2\/pages\/2643\/revisions"}],"predecessor-version":[{"id":4119,"href":"https:\/\/sopsa-finance.com\/index.php\/wp-json\/wp\/v2\/pages\/2643\/revisions\/4119"}],"wp:attachment":[{"href":"https:\/\/sopsa-finance.com\/index.php\/wp-json\/wp\/v2\/media?parent=2643"}],"curies":[{"name":"wp","href":"https:\/\/api.w.org\/{rel}","templated":true}]}}