{"id":1405,"date":"2024-06-15T07:33:58","date_gmt":"2024-06-15T07:33:58","guid":{"rendered":"http:\/\/bracketweb.com\/easilonwp\/?page_id=1405"},"modified":"2025-10-28T17:41:05","modified_gmt":"2025-10-28T17:41:05","slug":"apply-loan","status":"publish","type":"page","link":"https:\/\/sopsa-finance.com\/index.php\/apply-loan\/","title":{"rendered":"Demander un pr\u00eat"},"content":{"rendered":"\t\t<div data-elementor-type=\"wp-page\" data-elementor-id=\"1405\" class=\"elementor elementor-1405\">\n\t\t\t\t<div class=\"elementor-element elementor-element-d3c2fa3 e-con-full e-flex e-con e-parent\" data-id=\"d3c2fa3\" data-element_type=\"container\">\n\t\t\t\t<div class=\"elementor-element elementor-element-60f4b89 elementor-widget elementor-widget-easilon-apply-loan\" data-id=\"60f4b89\" data-element_type=\"widget\" data-widget_type=\"easilon-apply-loan.default\">\n\t\t\t\t<div class=\"elementor-widget-container\">\n\t\t\t\t\t    <section class=\"apply-loan section-space\">\r\n        <div class=\"container\">\r\n            <div class=\"apply-loan__form\">\r\n                                    <div class=\"wpcf7 no-js\" id=\"wpcf7-f1312-o1\" lang=\"en-US\" dir=\"ltr\" data-wpcf7-id=\"1312\">\n<div class=\"screen-reader-response\"><p role=\"status\" aria-live=\"polite\" aria-atomic=\"true\"><\/p> <ul><\/ul><\/div>\n<form action=\"\/index.php\/wp-json\/wp\/v2\/pages\/1405#wpcf7-f1312-o1\" method=\"post\" class=\"wpcf7-form init\" aria-label=\"Contact form\" novalidate=\"novalidate\" data-status=\"init\">\n<fieldset class=\"hidden-fields-container\"><input type=\"hidden\" name=\"_wpcf7\" value=\"1312\" \/><input type=\"hidden\" name=\"_wpcf7_version\" value=\"6.1.3\" \/><input type=\"hidden\" name=\"_wpcf7_locale\" value=\"en_US\" \/><input type=\"hidden\" name=\"_wpcf7_unit_tag\" value=\"wpcf7-f1312-o1\" \/><input type=\"hidden\" name=\"_wpcf7_container_post\" value=\"0\" \/><input type=\"hidden\" name=\"_wpcf7_posted_data_hash\" value=\"\" \/>\n<\/fieldset>\n<div class=\"apply-loan__details\">\n    <h2 class=\"apply-loan__details__title\">D\u00e9tails du pr\u00eat<\/h2>\n    <div class=\"apply-loan__form__row row\">\n        <div class=\"col-md-6\">\n            <div class=\"apply-loan__form__control\">\n                <label for=\"loan-amount\">Montant du pr\u00eat*<\/label>\n                <span class=\"wpcf7-form-control-wrap\" data-name=\"loan-amount\"><input size=\"40\" maxlength=\"400\" class=\"wpcf7-form-control wpcf7-text wpcf7-validates-as-required\" id=\"loan-amount\" aria-required=\"true\" aria-invalid=\"false\" placeholder=\"$25000.00\" value=\"\" type=\"text\" name=\"loan-amount\" \/><\/span>\n            <\/div>\n        <\/div>\n        <div class=\"col-md-6\">\n            <div class=\"apply-loan__form__control\">\n                <label for=\"monthly-income\">Revenue Mensuel*<\/label>\n                <span class=\"wpcf7-form-control-wrap\" data-name=\"monthly-income\"><input size=\"40\" maxlength=\"400\" class=\"wpcf7-form-control wpcf7-text wpcf7-validates-as-required\" id=\"monthly-income\" aria-required=\"true\" aria-invalid=\"false\" placeholder=\"$1000.00\" value=\"\" type=\"text\" name=\"monthly-income\" \/><\/span>\n            <\/div>\n        <\/div>\n        <div class=\"col-md-6\">\n            <div class=\"apply-loan__form__control\">\n                <label>Objet du pr\u00eat*<\/label>\n                <span class=\"wpcf7-form-control-wrap\" data-name=\"loan-purpose\"><select class=\"wpcf7-form-control wpcf7-select wpcf7-validates-as-required selectpicker\" aria-required=\"true\" aria-invalid=\"false\" name=\"loan-purpose\"><option value=\"Objet du pr\u00eat\">Objet du pr\u00eat<\/option><option value=\"pr\u00eat immobilier\">pr\u00eat immobilier<\/option><option value=\"pr\u00eat de moto\">pr\u00eat de moto<\/option><option value=\"pr\u00eat aux entreprise\">pr\u00eat aux entreprise<\/option><option value=\"pr\u00eat \u00e9tudiant\">pr\u00eat \u00e9tudiant<\/option><option value=\"pr\u00eat \u00e9tudiant\">pr\u00eat \u00e9tudiant<\/option><option value=\"pr\u00eat immobilier\">pr\u00eat immobilier<\/option><\/select><\/span>\n            <\/div>\n        <\/div>\n        <div class=\"col-md-6\">\n            <div class=\"apply-loan__form__control\">\n                <label>Dur\u00e9e du pr\u00eat*<\/label>\n                <span class=\"wpcf7-form-control-wrap\" data-name=\"loan-years\"><select class=\"wpcf7-form-control wpcf7-select wpcf7-validates-as-required selectpicker\" aria-required=\"true\" aria-invalid=\"false\" name=\"loan-years\"><option value=\"Ann\u00e9es de pr\u00eat\">Ann\u00e9es de pr\u00eat<\/option><option value=\"1 an\">1 an<\/option><option value=\"2 ans\">2 ans<\/option><option value=\"3 ans\">3 ans<\/option><option value=\"4 ans\">4 ans<\/option><option value=\"5 ans\">5 ans<\/option><option value=\"6 ans\">6 ans<\/option><option value=\"7 ans\">7 ans<\/option><option value=\"8 ans\">8 ans<\/option><option value=\"9 ans\">9 ans<\/option><option value=\"10 ans\">10 ans<\/option><option value=\"11 ans\">11 ans<\/option><option value=\"12 ans\">12 ans<\/option><option value=\"13 ans\">13 ans<\/option><option value=\"14 ans\">14 ans<\/option><option value=\"15 ans\">15 ans<\/option><\/select><\/span>\n            <\/div>\n        <\/div>\n    <\/div>\n<\/div>\n<div class=\"apply-loan__details\">\n    <h2 class=\"apply-loan__details__title\">Informations personnelles<\/h2>\n    <div class=\"apply-loan__form__row row\">\n        <div class=\"col-md-6\">\n            <div class=\"apply-loan__form__control\">\n                <label for=\"full-name\">Nom Complete*<\/label>\n                <span class=\"wpcf7-form-control-wrap\" data-name=\"full-name\"><input size=\"40\" maxlength=\"400\" class=\"wpcf7-form-control wpcf7-text wpcf7-validates-as-required\" id=\"full-name\" aria-required=\"true\" aria-invalid=\"false\" placeholder=\"Nom complete\" value=\"\" type=\"text\" name=\"full-name\" \/><\/span>\n            <\/div>\n        <\/div>\n        <div class=\"col-md-6\">\n            <div class=\"apply-loan__form__control\">\n                <label for=\"enter-email\">Email*<\/label>\n                <span class=\"wpcf7-form-control-wrap\" data-name=\"enter-email\"><input size=\"40\" maxlength=\"400\" class=\"wpcf7-form-control wpcf7-email wpcf7-validates-as-required wpcf7-text wpcf7-validates-as-email\" id=\"enter-email\" aria-required=\"true\" aria-invalid=\"false\" placeholder=\"Enter Email\" value=\"\" type=\"email\" name=\"enter-email\" \/><\/span>\n            <\/div>\n        <\/div>\n        <div class=\"col-md-6\">\n            <div class=\"apply-loan__form__control\">\n                <label for=\"mobile-number\">Num\u00e9ro de t\u00e9l\u00e9phone*<\/label>\n                <span class=\"wpcf7-form-control-wrap\" data-name=\"mobile-number\"><input size=\"40\" maxlength=\"400\" class=\"wpcf7-form-control wpcf7-tel wpcf7-validates-as-required wpcf7-text wpcf7-validates-as-tel\" id=\"mobile-number\" aria-required=\"true\" aria-invalid=\"false\" placeholder=\"Enter Email\" value=\"\" type=\"tel\" name=\"mobile-number\" \/><\/span>\n            <\/div>\n        <\/div>\n        <div class=\"col-md-6\">\n            <div class=\"apply-loan__form__control\">\n                <label>Etat matrimonial*<\/label>\n                <span class=\"wpcf7-form-control-wrap\" data-name=\"marital-status\"><select class=\"wpcf7-form-control wpcf7-select wpcf7-validates-as-required selectpicker\" aria-required=\"true\" aria-invalid=\"false\" name=\"marital-status\"><option value=\"\u00e9tat matrimonial\">\u00e9tat matrimonial<\/option><option value=\"mari\u00e9e\">mari\u00e9e<\/option><option value=\"c\u00e9libataire\">c\u00e9libataire<\/option><option value=\"veuve\">veuve<\/option><option value=\"divorc\u00e9e\">divorc\u00e9e<\/option><\/select><\/span>\n            <\/div>\n        <\/div>\n        <div class=\"col-md-6\">\n            <div class=\"apply-loan__form__control\">\n                <label for=\"datepicker\">Date de naissance*<\/label>\n                <div class=\"apply-loan__form__date\">\n                    <span class=\"wpcf7-form-control-wrap\" data-name=\"birth-date\"><input size=\"40\" maxlength=\"400\" class=\"wpcf7-form-control wpcf7-text wpcf7-validates-as-required easilon-datepicker\" id=\"datepicker\" aria-required=\"true\" aria-invalid=\"false\" placeholder=\"DD \/ MM \/ YY\" value=\"\" type=\"text\" name=\"birth-date\" \/><\/span>\n                    <span class=\"apply-loan__form__date__icon\">\n                        <i class=\"icon-down\"><\/i>\n                    <\/span>\n                <\/div>\n            <\/div>\n        <\/div>\n        <div class=\"col-md-6\">\n            <div class=\"apply-loan__form__control\">\n                <label>Nombre de personnes \u00e0 charge*<\/label>\n                <span class=\"wpcf7-form-control-wrap\" data-name=\"marital-status\"><select class=\"wpcf7-form-control wpcf7-select wpcf7-validates-as-required selectpicker\" aria-required=\"true\" aria-invalid=\"false\" name=\"marital-status\"><option value=\"Nombre de personnes \u00e0 charge\">Nombre de personnes \u00e0 charge<\/option><option value=\"1\">1<\/option><option value=\"2\">2<\/option><option value=\"3\">3<\/option><option value=\"4\">4<\/option><option value=\"5\">5<\/option><\/select><\/span>\n            <\/div>\n        <\/div>\n    <\/div>\n<\/div>\n<div class=\"apply-loan__details\">\n    <h2 class=\"apply-loan__details__title\">D\u00e9tails de l'adresse<\/h2>\n    <div class=\"apply-loan__form__row row\">\n        <div class=\"col-md-6\">\n            <div class=\"apply-loan__form__control\">\n                <label for=\"house-info\">N\u00b0\/Nom de la maison*<\/label>\n                <span class=\"wpcf7-form-control-wrap\" data-name=\"house-info\"><input size=\"40\" maxlength=\"400\" class=\"wpcf7-form-control wpcf7-text wpcf7-validates-as-required\" id=\"house-info\" aria-required=\"true\" aria-invalid=\"false\" placeholder=\"N\u00b0 de la maison\/ Nom de la maison\" value=\"\" type=\"text\" name=\"house-info\" \/><\/span>\n            <\/div>\n        <\/div>\n        <div class=\"col-md-6\">\n            <div class=\"apply-loan__form__control\">\n                <label for=\"street\">Rue*<\/label>\n                <span class=\"wpcf7-form-control-wrap\" data-name=\"street\"><input size=\"40\" maxlength=\"400\" class=\"wpcf7-form-control wpcf7-text wpcf7-validates-as-required\" id=\"street\" aria-required=\"true\" aria-invalid=\"false\" placeholder=\"Rue\" value=\"\" type=\"text\" name=\"street\" \/><\/span>\n            <\/div>\n        <\/div>\n        <div class=\"col-md-6\">\n            <div class=\"apply-loan__form__control\">\n                <label for=\"city\">Ville*<\/label>\n                <span class=\"wpcf7-form-control-wrap\" data-name=\"city\"><input size=\"40\" maxlength=\"400\" class=\"wpcf7-form-control wpcf7-text wpcf7-validates-as-required\" id=\"city\" aria-required=\"true\" aria-invalid=\"false\" placeholder=\"ville\" value=\"\" type=\"text\" name=\"city\" \/><\/span>\n            <\/div>\n        <\/div>\n        <div class=\"col-md-6\">\n            <div class=\"apply-loan__form__control\">\n                <label>Etat\/ R\u00e9gion*<\/label>\n                <span class=\"wpcf7-form-control-wrap\" data-name=\"state\"><input size=\"40\" maxlength=\"400\" class=\"wpcf7-form-control wpcf7-text wpcf7-validates-as-required selectpicker\" aria-required=\"true\" aria-invalid=\"false\" value=\"Etat\/ R\u00e9gion\" type=\"text\" name=\"state\" \/><\/span>\n            <\/div>\n        <\/div>\n        <div class=\"col-md-6\">\n            <div class=\"apply-loan__form__control\">\n                <label>Pays*<\/label>\n                <span class=\"wpcf7-form-control-wrap\" data-name=\"country\"><select class=\"wpcf7-form-control wpcf7-select wpcf7-validates-as-required selectpicker\" aria-required=\"true\" aria-invalid=\"false\" name=\"country\"><option value=\"Pays\">Pays<\/option><option value=\"France\">France<\/option><option value=\"Belgique\">Belgique<\/option><option value=\"Suisse\">Suisse<\/option><option value=\"Canada\">Canada<\/option><option value=\"Espagne\">Espagne<\/option><option value=\"Allemagne\">Allemagne<\/option><\/select><\/span>\n            <\/div>\n        <\/div>\n        <div class=\"col-md-6\">\n            <div class=\"apply-loan__form__control\">\n                <label for=\"pin-code\">Code Postale*<\/label>\n                <span class=\"wpcf7-form-control-wrap\" data-name=\"pin-code\"><input size=\"40\" maxlength=\"400\" class=\"wpcf7-form-control wpcf7-text wpcf7-validates-as-required\" id=\"pin-code\" aria-required=\"true\" aria-invalid=\"false\" placeholder=\"Code Postale\" value=\"\" type=\"text\" name=\"pin-code\" \/><\/span>\n            <\/div>\n        <\/div>\n    <\/div>\n<\/div>\n<div class=\"apply-loan__details\">\n    <h2 class=\"apply-loan__details__title\">Autre D\u00e9tails<\/h2>\n    <div class=\"apply-loan__form__row row\">\n        <div class=\"col-md-6\">\n            <div class=\"apply-loan__form__control\">\n                <label for=\"employment-industry\">Secteur de l'emploie*<\/label>\n                <span class=\"wpcf7-form-control-wrap\" data-name=\"employment-industry\"><input size=\"40\" maxlength=\"400\" class=\"wpcf7-form-control wpcf7-text wpcf7-validates-as-required\" id=\"employment-industry\" aria-required=\"true\" aria-invalid=\"false\" placeholder=\"Secteur de l&#039;emploie\" value=\"\" type=\"text\" name=\"employment-industry\" \/><\/span>\n            <\/div>\n        <\/div>\n        <div class=\"col-md-6\">\n            <div class=\"apply-loan__form__control\">\n                <label for=\"employer-name\">Nom de votre Emploie*<\/label>\n                <span class=\"wpcf7-form-control-wrap\" data-name=\"employer-name\"><input size=\"40\" maxlength=\"400\" class=\"wpcf7-form-control wpcf7-text wpcf7-validates-as-required\" id=\"employer-name\" aria-required=\"true\" aria-invalid=\"false\" placeholder=\"Nom de l&#039;emploie\" value=\"\" type=\"text\" name=\"employer-name\" \/><\/span>\n            <\/div>\n        <\/div>\n        <div class=\"col-md-6\">\n            <div class=\"apply-loan__form__control\">\n                <label for=\"employer-status\">Statut de l'emploie *<\/label>\n                <span class=\"wpcf7-form-control-wrap\" data-name=\"employer-status\"><input size=\"40\" maxlength=\"400\" class=\"wpcf7-form-control wpcf7-text wpcf7-validates-as-required\" id=\"employer-status\" aria-required=\"true\" aria-invalid=\"false\" placeholder=\"Statut de l&#039;emploie\" value=\"\" type=\"text\" name=\"employer-status\" \/><\/span>\n            <\/div>\n        <\/div>\n        <div class=\"col-md-6\">\n            <div class=\"apply-loan__form__control\">\n                <label for=\"work-phone-number\">Numero Professionnelle*<\/label>\n                <span class=\"wpcf7-form-control-wrap\" data-name=\"work-phone-number\"><input size=\"40\" maxlength=\"400\" class=\"wpcf7-form-control wpcf7-text wpcf7-validates-as-required\" id=\"work-phone-number\" aria-required=\"true\" aria-invalid=\"false\" placeholder=\"Numero Professionnelle\" value=\"\" type=\"text\" name=\"work-phone-number\" \/><\/span>\n            <\/div>\n        <\/div>\n    <\/div>\n<\/div>\n<button type=\"submit\" class=\"apply-loan__form__btn easilon-btn\">\n    <span>Soumettre Maintenant<\/span>\n    <span class=\"easilon-btn__icon\">\n        <i class=\"icon-double-right-arrow\"><\/i>\n    <\/span>\n<\/button><div class=\"wpcf7-response-output\" aria-hidden=\"true\"><\/div>\n<\/form>\n<\/div>                            <\/div>\r\n            <!-- \/.apply-loan__form -->\r\n        <\/div><!-- \/.container -->\r\n    <\/section><!-- \/.apply-loan section-space -->\r\n\t\t\t\t<\/div>\n\t\t\t\t<\/div>\n\t\t\t\t<\/div>\n\t\t\t\t<\/div>\n\t\t","protected":false},"excerpt":{"rendered":"<p>Loan Details Loan Amount* Monthly Income* Purpose of Loan* Purpose of Loanhome loanbike loanbusiness loaneducation loanstudy loanproperty loan Loan Years* Loan Years1 year2 years3 years4 years5 yearsstudy loanproperty loan Personal Details Full Name* Email* Mobile Number* Marital Status* Marital Statusmarriedsinglewidoweddivorced Birth Date* Number Of Dependents* Number Of Dependents1 depends2 depends3 depends4 depends5 depends Address Details [&hellip;]<\/p>\n","protected":false},"author":1,"featured_media":0,"parent":0,"menu_order":0,"comment_status":"closed","ping_status":"closed","template":"elementor_header_footer","meta":{"footnotes":""},"class_list":["post-1405","page","type-page","status-publish","hentry"],"_links":{"self":[{"href":"https:\/\/sopsa-finance.com\/index.php\/wp-json\/wp\/v2\/pages\/1405","targetHints":{"allow":["GET"]}}],"collection":[{"href":"https:\/\/sopsa-finance.com\/index.php\/wp-json\/wp\/v2\/pages"}],"about":[{"href":"https:\/\/sopsa-finance.com\/index.php\/wp-json\/wp\/v2\/types\/page"}],"author":[{"embeddable":true,"href":"https:\/\/sopsa-finance.com\/index.php\/wp-json\/wp\/v2\/users\/1"}],"replies":[{"embeddable":true,"href":"https:\/\/sopsa-finance.com\/index.php\/wp-json\/wp\/v2\/comments?post=1405"}],"version-history":[{"count":1,"href":"https:\/\/sopsa-finance.com\/index.php\/wp-json\/wp\/v2\/pages\/1405\/revisions"}],"predecessor-version":[{"id":3868,"href":"https:\/\/sopsa-finance.com\/index.php\/wp-json\/wp\/v2\/pages\/1405\/revisions\/3868"}],"wp:attachment":[{"href":"https:\/\/sopsa-finance.com\/index.php\/wp-json\/wp\/v2\/media?parent=1405"}],"curies":[{"name":"wp","href":"https:\/\/api.w.org\/{rel}","templated":true}]}}